{"id":84,"date":"2020-09-26T07:04:44","date_gmt":"2020-09-26T05:04:44","guid":{"rendered":"https:\/\/www.sculpture.henriot.pro\/?post_type=product&#038;p=84"},"modified":"2020-09-26T07:12:01","modified_gmt":"2020-09-26T05:12:01","slug":"gland-sculpte","status":"publish","type":"product","link":"https:\/\/www.sculpture.henriot.pro\/?product=gland-sculpte","title":{"rendered":"Gland sculpt\u00e9"},"content":{"rendered":"\t\t<div data-elementor-type=\"wp-post\" data-elementor-id=\"84\" class=\"elementor elementor-84\">\n\t\t\t\t\t\t<div class=\"elementor-inner\">\n\t\t\t\t<div class=\"elementor-section-wrap\">\n\t\t\t\t\t\t\t\t\t<section class=\"elementor-section elementor-top-section elementor-element elementor-element-b273257 elementor-section-boxed elementor-section-height-default elementor-section-height-default\" data-id=\"b273257\" data-element_type=\"section\">\n\t\t\t\t\t\t<div class=\"elementor-container elementor-column-gap-default\">\n\t\t\t\t\t\t\t<div class=\"elementor-row\">\n\t\t\t\t\t<div class=\"elementor-column elementor-col-100 elementor-top-column elementor-element elementor-element-204774e9\" data-id=\"204774e9\" data-element_type=\"column\">\n\t\t\t<div class=\"elementor-column-wrap elementor-element-populated\">\n\t\t\t\t\t\t\t<div class=\"elementor-widget-wrap\">\n\t\t\t\t\t\t<div class=\"elementor-element elementor-element-1f36ef59 elementor-widget elementor-widget-text-editor\" data-id=\"1f36ef59\" data-element_type=\"widget\" data-widget_type=\"text-editor.default\">\n\t\t\t\t<div class=\"elementor-widget-container\">\n\t\t\t\t\t\t\t\t<div class=\"elementor-text-editor elementor-clearfix\">\n\t\t\t\t<p>Gland de d\u00e9coration de 45 cm de long sculpt\u00e9 dans un tronc de ch\u00eane vert<\/p>\t\t\t\t\t<\/div>\n\t\t\t\t\t\t<\/div>\n\t\t\t\t<\/div>\n\t\t\t\t\t\t<\/div>\n\t\t\t\t\t<\/div>\n\t\t<\/div>\n\t\t\t\t\t\t\t\t<\/div>\n\t\t\t\t\t<\/div>\n\t\t<\/section>\n\t\t\t\t<section class=\"elementor-section elementor-top-section elementor-element elementor-element-0b44532 elementor-section-boxed elementor-section-height-default elementor-section-height-default\" data-id=\"0b44532\" data-element_type=\"section\">\n\t\t\t\t\t\t<div class=\"elementor-container elementor-column-gap-default\">\n\t\t\t\t\t\t\t<div class=\"elementor-row\">\n\t\t\t\t\t<div class=\"elementor-column elementor-col-50 elementor-top-column elementor-element elementor-element-37ddc07\" data-id=\"37ddc07\" data-element_type=\"column\">\n\t\t\t<div class=\"elementor-column-wrap elementor-element-populated\">\n\t\t\t\t\t\t\t<div class=\"elementor-widget-wrap\">\n\t\t\t\t\t\t<div class=\"elementor-element elementor-element-97558a3 elementor-widget elementor-widget-image\" data-id=\"97558a3\" data-element_type=\"widget\" data-widget_type=\"image.default\">\n\t\t\t\t<div class=\"elementor-widget-container\">\n\t\t\t\t\t\t\t\t<div class=\"elementor-image\">\n\t\t\t\t\t\t\t\t\t\t\t\t<img decoding=\"async\" width=\"750\" height=\"422\" src=\"https:\/\/www.sculpture.henriot.pro\/wp-content\/uploads\/2020\/09\/2020-09-25-11.16.58.jpg\" class=\"attachment-large size-large wp-image-88\" alt=\"\" loading=\"lazy\" srcset=\"https:\/\/www.sculpture.henriot.pro\/wp-content\/uploads\/2020\/09\/2020-09-25-11.16.58.jpg 1024w, https:\/\/www.sculpture.henriot.pro\/wp-content\/uploads\/2020\/09\/2020-09-25-11.16.58-600x338.jpg 600w, https:\/\/www.sculpture.henriot.pro\/wp-content\/uploads\/2020\/09\/2020-09-25-11.16.58-300x169.jpg 300w, https:\/\/www.sculpture.henriot.pro\/wp-content\/uploads\/2020\/09\/2020-09-25-11.16.58-768x432.jpg 768w\" sizes=\"(max-width: 750px) 100vw, 750px\" \/>\t\t\t\t\t\t\t\t\t\t\t\t\t\t<\/div>\n\t\t\t\t\t\t<\/div>\n\t\t\t\t<\/div>\n\t\t\t\t\t\t<\/div>\n\t\t\t\t\t<\/div>\n\t\t<\/div>\n\t\t\t\t<div class=\"elementor-column elementor-col-50 elementor-top-column elementor-element elementor-element-b854050\" data-id=\"b854050\" data-element_type=\"column\">\n\t\t\t<div class=\"elementor-column-wrap elementor-element-populated\">\n\t\t\t\t\t\t\t<div class=\"elementor-widget-wrap\">\n\t\t\t\t\t\t<div class=\"elementor-element elementor-element-3899ce2 elementor-widget elementor-widget-image-gallery\" data-id=\"3899ce2\" data-element_type=\"widget\" data-widget_type=\"image-gallery.default\">\n\t\t\t\t<div class=\"elementor-widget-container\">\n\t\t\t\t\t<div class=\"elementor-image-gallery\">\n\t\t\t\n\t\t<style type=\"text\/css\">\n\t\t\t#gallery-1 {\n\t\t\t\tmargin: auto;\n\t\t\t}\n\t\t\t#gallery-1 .gallery-item {\n\t\t\t\tfloat: left;\n\t\t\t\tmargin-top: 10px;\n\t\t\t\ttext-align: center;\n\t\t\t\twidth: 25%;\n\t\t\t}\n\t\t\t#gallery-1 img {\n\t\t\t\tborder: 2px solid #cfcfcf;\n\t\t\t}\n\t\t\t#gallery-1 .gallery-caption {\n\t\t\t\tmargin-left: 0;\n\t\t\t}\n\t\t\t\/* see gallery_shortcode() in wp-includes\/media.php *\/\n\t\t<\/style>\n\t\t<div id='gallery-1' class='gallery galleryid-84 gallery-columns-4 gallery-size-thumbnail'><dl class='gallery-item'>\n\t\t\t<dt class='gallery-icon portrait'>\n\t\t\t\t<a data-elementor-open-lightbox=\"yes\" data-elementor-lightbox-slideshow=\"3899ce2\" data-elementor-lightbox-title=\"2020-09-25 18.43.09\" data-elementor-lightbox-description=\" \" data-e-action-hash=\"#elementor-action%3Aaction%3Dlightbox%26settings%3DeyJpZCI6OTEsInVybCI6Imh0dHBzOlwvXC93d3cuc2N1bHB0dXJlLmhlbnJpb3QucHJvXC93cC1jb250ZW50XC91cGxvYWRzXC8yMDIwXC8wOVwvMjAyMC0wOS0yNS0xOC40My4wOS5qcGciLCJzbGlkZXNob3ciOiIzODk5Y2UyIn0%3D\" href='https:\/\/www.sculpture.henriot.pro\/wp-content\/uploads\/2020\/09\/2020-09-25-18.43.09.jpg'><img width=\"150\" height=\"150\" src=\"https:\/\/www.sculpture.henriot.pro\/wp-content\/uploads\/2020\/09\/2020-09-25-18.43.09-150x150.jpg\" class=\"attachment-thumbnail size-thumbnail\" alt=\"\" decoding=\"async\" loading=\"lazy\" srcset=\"https:\/\/www.sculpture.henriot.pro\/wp-content\/uploads\/2020\/09\/2020-09-25-18.43.09-150x150.jpg 150w, https:\/\/www.sculpture.henriot.pro\/wp-content\/uploads\/2020\/09\/2020-09-25-18.43.09-160x160.jpg 160w\" sizes=\"(max-width: 150px) 100vw, 150px\" \/><\/a>\n\t\t\t<\/dt><\/dl><dl class='gallery-item'>\n\t\t\t<dt class='gallery-icon landscape'>\n\t\t\t\t<a data-elementor-open-lightbox=\"yes\" data-elementor-lightbox-slideshow=\"3899ce2\" data-elementor-lightbox-title=\"2020-09-25 18.42.41\" data-elementor-lightbox-description=\" \" data-e-action-hash=\"#elementor-action%3Aaction%3Dlightbox%26settings%3DeyJpZCI6OTAsInVybCI6Imh0dHBzOlwvXC93d3cuc2N1bHB0dXJlLmhlbnJpb3QucHJvXC93cC1jb250ZW50XC91cGxvYWRzXC8yMDIwXC8wOVwvMjAyMC0wOS0yNS0xOC40Mi40MS5qcGciLCJzbGlkZXNob3ciOiIzODk5Y2UyIn0%3D\" href='https:\/\/www.sculpture.henriot.pro\/wp-content\/uploads\/2020\/09\/2020-09-25-18.42.41.jpg'><img width=\"150\" height=\"150\" src=\"https:\/\/www.sculpture.henriot.pro\/wp-content\/uploads\/2020\/09\/2020-09-25-18.42.41-150x150.jpg\" class=\"attachment-thumbnail size-thumbnail\" alt=\"\" decoding=\"async\" loading=\"lazy\" srcset=\"https:\/\/www.sculpture.henriot.pro\/wp-content\/uploads\/2020\/09\/2020-09-25-18.42.41-150x150.jpg 150w, https:\/\/www.sculpture.henriot.pro\/wp-content\/uploads\/2020\/09\/2020-09-25-18.42.41-160x160.jpg 160w\" sizes=\"(max-width: 150px) 100vw, 150px\" \/><\/a>\n\t\t\t<\/dt><\/dl><dl class='gallery-item'>\n\t\t\t<dt class='gallery-icon landscape'>\n\t\t\t\t<a data-elementor-open-lightbox=\"yes\" data-elementor-lightbox-slideshow=\"3899ce2\" data-elementor-lightbox-title=\"2020-09-25 12.05.18\" data-elementor-lightbox-description=\" \" data-e-action-hash=\"#elementor-action%3Aaction%3Dlightbox%26settings%3DeyJpZCI6ODksInVybCI6Imh0dHBzOlwvXC93d3cuc2N1bHB0dXJlLmhlbnJpb3QucHJvXC93cC1jb250ZW50XC91cGxvYWRzXC8yMDIwXC8wOVwvMjAyMC0wOS0yNS0xMi4wNS4xOC5qcGciLCJzbGlkZXNob3ciOiIzODk5Y2UyIn0%3D\" href='https:\/\/www.sculpture.henriot.pro\/wp-content\/uploads\/2020\/09\/2020-09-25-12.05.18.jpg'><img width=\"150\" height=\"150\" src=\"https:\/\/www.sculpture.henriot.pro\/wp-content\/uploads\/2020\/09\/2020-09-25-12.05.18-150x150.jpg\" class=\"attachment-thumbnail size-thumbnail\" alt=\"\" decoding=\"async\" loading=\"lazy\" srcset=\"https:\/\/www.sculpture.henriot.pro\/wp-content\/uploads\/2020\/09\/2020-09-25-12.05.18-150x150.jpg 150w, https:\/\/www.sculpture.henriot.pro\/wp-content\/uploads\/2020\/09\/2020-09-25-12.05.18-160x160.jpg 160w\" sizes=\"(max-width: 150px) 100vw, 150px\" \/><\/a>\n\t\t\t<\/dt><\/dl><dl class='gallery-item'>\n\t\t\t<dt class='gallery-icon portrait'>\n\t\t\t\t<a data-elementor-open-lightbox=\"yes\" data-elementor-lightbox-slideshow=\"3899ce2\" data-elementor-lightbox-title=\"2020-09-25 09.50.11\" data-elementor-lightbox-description=\" \" data-e-action-hash=\"#elementor-action%3Aaction%3Dlightbox%26settings%3DeyJpZCI6ODcsInVybCI6Imh0dHBzOlwvXC93d3cuc2N1bHB0dXJlLmhlbnJpb3QucHJvXC93cC1jb250ZW50XC91cGxvYWRzXC8yMDIwXC8wOVwvMjAyMC0wOS0yNS0wOS41MC4xMS5qcGciLCJzbGlkZXNob3ciOiIzODk5Y2UyIn0%3D\" href='https:\/\/www.sculpture.henriot.pro\/wp-content\/uploads\/2020\/09\/2020-09-25-09.50.11.jpg'><img width=\"150\" height=\"150\" src=\"https:\/\/www.sculpture.henriot.pro\/wp-content\/uploads\/2020\/09\/2020-09-25-09.50.11-150x150.jpg\" class=\"attachment-thumbnail size-thumbnail\" alt=\"\" decoding=\"async\" loading=\"lazy\" srcset=\"https:\/\/www.sculpture.henriot.pro\/wp-content\/uploads\/2020\/09\/2020-09-25-09.50.11-150x150.jpg 150w, https:\/\/www.sculpture.henriot.pro\/wp-content\/uploads\/2020\/09\/2020-09-25-09.50.11-160x160.jpg 160w\" sizes=\"(max-width: 150px) 100vw, 150px\" \/><\/a>\n\t\t\t<\/dt><\/dl><br style=\"clear: both\" \/><dl class='gallery-item'>\n\t\t\t<dt class='gallery-icon landscape'>\n\t\t\t\t<a data-elementor-open-lightbox=\"yes\" data-elementor-lightbox-slideshow=\"3899ce2\" data-elementor-lightbox-title=\"2020-09-25 18.42.51\" data-elementor-lightbox-description=\" \" data-e-action-hash=\"#elementor-action%3Aaction%3Dlightbox%26settings%3DeyJpZCI6ODUsInVybCI6Imh0dHBzOlwvXC93d3cuc2N1bHB0dXJlLmhlbnJpb3QucHJvXC93cC1jb250ZW50XC91cGxvYWRzXC8yMDIwXC8wOVwvMjAyMC0wOS0yNS0xOC40Mi41MS5qcGciLCJzbGlkZXNob3ciOiIzODk5Y2UyIn0%3D\" href='https:\/\/www.sculpture.henriot.pro\/wp-content\/uploads\/2020\/09\/2020-09-25-18.42.51.jpg'><img width=\"150\" height=\"150\" src=\"https:\/\/www.sculpture.henriot.pro\/wp-content\/uploads\/2020\/09\/2020-09-25-18.42.51-150x150.jpg\" class=\"attachment-thumbnail size-thumbnail\" alt=\"\" decoding=\"async\" loading=\"lazy\" srcset=\"https:\/\/www.sculpture.henriot.pro\/wp-content\/uploads\/2020\/09\/2020-09-25-18.42.51-150x150.jpg 150w, https:\/\/www.sculpture.henriot.pro\/wp-content\/uploads\/2020\/09\/2020-09-25-18.42.51-160x160.jpg 160w\" sizes=\"(max-width: 150px) 100vw, 150px\" \/><\/a>\n\t\t\t<\/dt><\/dl>\n\t\t\t<br style='clear: both' \/>\n\t\t<\/div>\n\t\t<\/div>\n\t\t\t\t<\/div>\n\t\t\t\t<\/div>\n\t\t\t\t\t\t<\/div>\n\t\t\t\t\t<\/div>\n\t\t<\/div>\n\t\t\t\t\t\t\t\t<\/div>\n\t\t\t\t\t<\/div>\n\t\t<\/section>\n\t\t\t\t\t\t\t\t\t<\/div>\n\t\t\t<\/div>\n\t\t\t\t\t<\/div>\n\t\t","protected":false},"excerpt":{"rendered":"<p>Gland de d\u00e9coration de 45 cm de long sculpt\u00e9 dans un tronc de ch\u00eane vert &nbsp; &nbsp;<\/p>\n","protected":false},"featured_media":85,"comment_status":"open","ping_status":"closed","template":"","meta":[],"product_cat":[15],"product_tag":[],"_links":{"self":[{"href":"https:\/\/www.sculpture.henriot.pro\/index.php?rest_route=\/wp\/v2\/product\/84"}],"collection":[{"href":"https:\/\/www.sculpture.henriot.pro\/index.php?rest_route=\/wp\/v2\/product"}],"about":[{"href":"https:\/\/www.sculpture.henriot.pro\/index.php?rest_route=\/wp\/v2\/types\/product"}],"replies":[{"embeddable":true,"href":"https:\/\/www.sculpture.henriot.pro\/index.php?rest_route=%2Fwp%2Fv2%2Fcomments&post=84"}],"version-history":[{"count":3,"href":"https:\/\/www.sculpture.henriot.pro\/index.php?rest_route=\/wp\/v2\/product\/84\/revisions"}],"predecessor-version":[{"id":95,"href":"https:\/\/www.sculpture.henriot.pro\/index.php?rest_route=\/wp\/v2\/product\/84\/revisions\/95"}],"wp:featuredmedia":[{"embeddable":true,"href":"https:\/\/www.sculpture.henriot.pro\/index.php?rest_route=\/wp\/v2\/media\/85"}],"wp:attachment":[{"href":"https:\/\/www.sculpture.henriot.pro\/index.php?rest_route=%2Fwp%2Fv2%2Fmedia&parent=84"}],"wp:term":[{"taxonomy":"product_cat","embeddable":true,"href":"https:\/\/www.sculpture.henriot.pro\/index.php?rest_route=%2Fwp%2Fv2%2Fproduct_cat&post=84"},{"taxonomy":"product_tag","embeddable":true,"href":"https:\/\/www.sculpture.henriot.pro\/index.php?rest_route=%2Fwp%2Fv2%2Fproduct_tag&post=84"}],"curies":[{"name":"wp","href":"https:\/\/api.w.org\/{rel}","templated":true}]}}