{"id":44,"date":"2020-09-22T19:02:56","date_gmt":"2020-09-22T17:02:56","guid":{"rendered":"https:\/\/www.sculpture.henriot.pro\/?post_type=product&#038;p=44"},"modified":"2020-09-25T06:38:06","modified_gmt":"2020-09-25T04:38:06","slug":"tiki-1","status":"publish","type":"product","link":"https:\/\/www.sculpture.henriot.pro\/?product=tiki-1","title":{"rendered":"Tiki 1"},"content":{"rendered":"\t\t<div data-elementor-type=\"wp-post\" data-elementor-id=\"44\" class=\"elementor elementor-44\">\n\t\t\t\t\t\t<div class=\"elementor-inner\">\n\t\t\t\t<div class=\"elementor-section-wrap\">\n\t\t\t\t\t\t\t\t\t<section class=\"elementor-section elementor-top-section elementor-element elementor-element-b273257 elementor-section-boxed elementor-section-height-default elementor-section-height-default\" data-id=\"b273257\" data-element_type=\"section\">\n\t\t\t\t\t\t<div class=\"elementor-container elementor-column-gap-default\">\n\t\t\t\t\t\t\t<div class=\"elementor-row\">\n\t\t\t\t\t<div class=\"elementor-column elementor-col-100 elementor-top-column elementor-element elementor-element-204774e9\" data-id=\"204774e9\" data-element_type=\"column\">\n\t\t\t<div class=\"elementor-column-wrap elementor-element-populated\">\n\t\t\t\t\t\t\t<div class=\"elementor-widget-wrap\">\n\t\t\t\t\t\t<div class=\"elementor-element elementor-element-1f36ef59 elementor-widget elementor-widget-text-editor\" data-id=\"1f36ef59\" data-element_type=\"widget\" data-widget_type=\"text-editor.default\">\n\t\t\t\t<div class=\"elementor-widget-container\">\n\t\t\t\t\t\t\t\t<div class=\"elementor-text-editor elementor-clearfix\">\n\t\t\t\t<p>Un magnifique tiki taill\u00e9 dans un tronc de 50cm de diam\u00e8tre en ch\u00eane massif.<\/p>\t\t\t\t\t<\/div>\n\t\t\t\t\t\t<\/div>\n\t\t\t\t<\/div>\n\t\t\t\t\t\t<\/div>\n\t\t\t\t\t<\/div>\n\t\t<\/div>\n\t\t\t\t\t\t\t\t<\/div>\n\t\t\t\t\t<\/div>\n\t\t<\/section>\n\t\t\t\t<section class=\"elementor-section elementor-top-section elementor-element elementor-element-52e6d94 elementor-section-boxed elementor-section-height-default elementor-section-height-default\" data-id=\"52e6d94\" data-element_type=\"section\">\n\t\t\t\t\t\t<div class=\"elementor-container elementor-column-gap-default\">\n\t\t\t\t\t\t\t<div class=\"elementor-row\">\n\t\t\t\t\t<div class=\"elementor-column elementor-col-100 elementor-top-column elementor-element elementor-element-274d880\" data-id=\"274d880\" data-element_type=\"column\">\n\t\t\t<div class=\"elementor-column-wrap\">\n\t\t\t\t\t\t\t<div class=\"elementor-widget-wrap\">\n\t\t\t\t\t\t\t\t<\/div>\n\t\t\t\t\t<\/div>\n\t\t<\/div>\n\t\t\t\t\t\t\t\t<\/div>\n\t\t\t\t\t<\/div>\n\t\t<\/section>\n\t\t\t\t\t\t\t\t\t<\/div>\n\t\t\t<\/div>\n\t\t\t\t\t<\/div>\n\t\t","protected":false},"excerpt":{"rendered":"<p>Un magnifique tiki taill\u00e9 dans un tronc de 50cm de diam\u00e8tre en ch\u00eane massif.<\/p>\n","protected":false},"featured_media":15,"comment_status":"open","ping_status":"closed","template":"","meta":[],"product_cat":[17],"product_tag":[],"_links":{"self":[{"href":"https:\/\/www.sculpture.henriot.pro\/index.php?rest_route=\/wp\/v2\/product\/44"}],"collection":[{"href":"https:\/\/www.sculpture.henriot.pro\/index.php?rest_route=\/wp\/v2\/product"}],"about":[{"href":"https:\/\/www.sculpture.henriot.pro\/index.php?rest_route=\/wp\/v2\/types\/product"}],"replies":[{"embeddable":true,"href":"https:\/\/www.sculpture.henriot.pro\/index.php?rest_route=%2Fwp%2Fv2%2Fcomments&post=44"}],"version-history":[{"count":3,"href":"https:\/\/www.sculpture.henriot.pro\/index.php?rest_route=\/wp\/v2\/product\/44\/revisions"}],"predecessor-version":[{"id":66,"href":"https:\/\/www.sculpture.henriot.pro\/index.php?rest_route=\/wp\/v2\/product\/44\/revisions\/66"}],"wp:featuredmedia":[{"embeddable":true,"href":"https:\/\/www.sculpture.henriot.pro\/index.php?rest_route=\/wp\/v2\/media\/15"}],"wp:attachment":[{"href":"https:\/\/www.sculpture.henriot.pro\/index.php?rest_route=%2Fwp%2Fv2%2Fmedia&parent=44"}],"wp:term":[{"taxonomy":"product_cat","embeddable":true,"href":"https:\/\/www.sculpture.henriot.pro\/index.php?rest_route=%2Fwp%2Fv2%2Fproduct_cat&post=44"},{"taxonomy":"product_tag","embeddable":true,"href":"https:\/\/www.sculpture.henriot.pro\/index.php?rest_route=%2Fwp%2Fv2%2Fproduct_tag&post=44"}],"curies":[{"name":"wp","href":"https:\/\/api.w.org\/{rel}","templated":true}]}}