{"id":19,"date":"2020-09-22T18:13:20","date_gmt":"2020-09-22T16:13:20","guid":{"rendered":"http:\/\/www.sculpture.henriot.pro\/?post_type=product&#038;p=19"},"modified":"2022-07-08T08:33:02","modified_gmt":"2022-07-08T06:33:02","slug":"totem-koh-lanta","status":"publish","type":"product","link":"https:\/\/www.sculpture.henriot.pro\/?product=totem-koh-lanta","title":{"rendered":"Totem Koh Lanta"},"content":{"rendered":"\t\t<div data-elementor-type=\"wp-post\" data-elementor-id=\"19\" class=\"elementor elementor-19\">\n\t\t\t\t\t\t<div class=\"elementor-inner\">\n\t\t\t\t<div class=\"elementor-section-wrap\">\n\t\t\t\t\t\t\t\t\t<section class=\"elementor-section elementor-top-section elementor-element elementor-element-b273257 elementor-section-boxed elementor-section-height-default elementor-section-height-default\" data-id=\"b273257\" data-element_type=\"section\">\n\t\t\t\t\t\t<div class=\"elementor-container elementor-column-gap-default\">\n\t\t\t\t\t\t\t<div class=\"elementor-row\">\n\t\t\t\t\t<div class=\"elementor-column elementor-col-100 elementor-top-column elementor-element elementor-element-204774e9\" data-id=\"204774e9\" data-element_type=\"column\">\n\t\t\t<div class=\"elementor-column-wrap elementor-element-populated\">\n\t\t\t\t\t\t\t<div class=\"elementor-widget-wrap\">\n\t\t\t\t\t\t<div class=\"elementor-element elementor-element-1f36ef59 elementor-widget elementor-widget-text-editor\" data-id=\"1f36ef59\" data-element_type=\"widget\" data-widget_type=\"text-editor.default\">\n\t\t\t\t<div class=\"elementor-widget-container\">\n\t\t\t\t\t\t\t\t<div class=\"elementor-text-editor elementor-clearfix\">\n\t\t\t\tUn magnifique totem inspir\u00e9 de l&rsquo;\u00e9mission Koh Lanta.\r\n\r\nEn ch\u00eane massif, ce totem vaut son pesant de bois&#8230;\t\t\t\t\t<\/div>\n\t\t\t\t\t\t<\/div>\n\t\t\t\t<\/div>\n\t\t\t\t\t\t<\/div>\n\t\t\t\t\t<\/div>\n\t\t<\/div>\n\t\t\t\t\t\t\t\t<\/div>\n\t\t\t\t\t<\/div>\n\t\t<\/section>\n\t\t\t\t<section class=\"elementor-section elementor-top-section elementor-element elementor-element-52e6d94 elementor-section-boxed elementor-section-height-default elementor-section-height-default\" data-id=\"52e6d94\" data-element_type=\"section\">\n\t\t\t\t\t\t<div class=\"elementor-container elementor-column-gap-default\">\n\t\t\t\t\t\t\t<div class=\"elementor-row\">\n\t\t\t\t\t<div class=\"elementor-column elementor-col-100 elementor-top-column elementor-element elementor-element-274d880\" data-id=\"274d880\" data-element_type=\"column\">\n\t\t\t<div class=\"elementor-column-wrap\">\n\t\t\t\t\t\t\t<div class=\"elementor-widget-wrap\">\n\t\t\t\t\t\t\t\t<\/div>\n\t\t\t\t\t<\/div>\n\t\t<\/div>\n\t\t\t\t\t\t\t\t<\/div>\n\t\t\t\t\t<\/div>\n\t\t<\/section>\n\t\t\t\t<section class=\"elementor-section elementor-top-section elementor-element elementor-element-da3a643 elementor-section-boxed elementor-section-height-default elementor-section-height-default\" data-id=\"da3a643\" data-element_type=\"section\">\n\t\t\t\t\t\t<div class=\"elementor-container elementor-column-gap-default\">\n\t\t\t\t\t\t\t<div class=\"elementor-row\">\n\t\t\t\t\t<div class=\"elementor-column elementor-col-50 elementor-top-column elementor-element elementor-element-99c48c7\" data-id=\"99c48c7\" data-element_type=\"column\">\n\t\t\t<div class=\"elementor-column-wrap elementor-element-populated\">\n\t\t\t\t\t\t\t<div class=\"elementor-widget-wrap\">\n\t\t\t\t\t\t<div class=\"elementor-element elementor-element-565d137 elementor-widget elementor-widget-image\" data-id=\"565d137\" data-element_type=\"widget\" data-widget_type=\"image.default\">\n\t\t\t\t<div class=\"elementor-widget-container\">\n\t\t\t\t\t\t\t\t<div class=\"elementor-image\">\n\t\t\t\t\t\t\t\t\t\t\t\t<img decoding=\"async\" src=\"https:\/\/www.sculpture.henriot.pro\/wp-content\/uploads\/2020\/09\/2020-09-22-09.04.09-1-230x345.jpg\" title=\"2020-09-22 09.04.09\" alt=\"2020-09-22 09.04.09\" loading=\"lazy\" \/>\t\t\t\t\t\t\t\t\t\t\t\t\t\t<\/div>\n\t\t\t\t\t\t<\/div>\n\t\t\t\t<\/div>\n\t\t\t\t\t\t<\/div>\n\t\t\t\t\t<\/div>\n\t\t<\/div>\n\t\t\t\t<div class=\"elementor-column elementor-col-50 elementor-top-column elementor-element elementor-element-3c2622f\" data-id=\"3c2622f\" data-element_type=\"column\">\n\t\t\t<div class=\"elementor-column-wrap elementor-element-populated\">\n\t\t\t\t\t\t\t<div class=\"elementor-widget-wrap\">\n\t\t\t\t\t\t<div class=\"elementor-element elementor-element-28479cb elementor-widget elementor-widget-image-gallery\" data-id=\"28479cb\" data-element_type=\"widget\" data-widget_type=\"image-gallery.default\">\n\t\t\t\t<div class=\"elementor-widget-container\">\n\t\t\t\t\t<div class=\"elementor-image-gallery\">\n\t\t\t\n\t\t<style type=\"text\/css\">\n\t\t\t#gallery-1 {\n\t\t\t\tmargin: auto;\n\t\t\t}\n\t\t\t#gallery-1 .gallery-item {\n\t\t\t\tfloat: left;\n\t\t\t\tmargin-top: 10px;\n\t\t\t\ttext-align: center;\n\t\t\t\twidth: 25%;\n\t\t\t}\n\t\t\t#gallery-1 img {\n\t\t\t\tborder: 2px solid #cfcfcf;\n\t\t\t}\n\t\t\t#gallery-1 .gallery-caption {\n\t\t\t\tmargin-left: 0;\n\t\t\t}\n\t\t\t\/* see gallery_shortcode() in wp-includes\/media.php *\/\n\t\t<\/style>\n\t\t<div id='gallery-1' class='gallery galleryid-19 gallery-columns-4 gallery-size-thumbnail'><dl class='gallery-item'>\n\t\t\t<dt class='gallery-icon portrait'>\n\t\t\t\t<a data-elementor-open-lightbox=\"yes\" data-elementor-lightbox-slideshow=\"28479cb\" data-elementor-lightbox-title=\"2020-09-21 15.03.22\" data-elementor-lightbox-description=\" \" data-e-action-hash=\"#elementor-action%3Aaction%3Dlightbox%26settings%3DeyJpZCI6MjEsInVybCI6Imh0dHBzOlwvXC93d3cuc2N1bHB0dXJlLmhlbnJpb3QucHJvXC93cC1jb250ZW50XC91cGxvYWRzXC8yMDIwXC8wOVwvMjAyMC0wOS0yMS0xNS4wMy4yMi5qcGciLCJzbGlkZXNob3ciOiIyODQ3OWNiIn0%3D\" href='https:\/\/www.sculpture.henriot.pro\/wp-content\/uploads\/2020\/09\/2020-09-21-15.03.22.jpg'><img width=\"150\" height=\"150\" src=\"https:\/\/www.sculpture.henriot.pro\/wp-content\/uploads\/2020\/09\/2020-09-21-15.03.22-150x150.jpg\" class=\"attachment-thumbnail size-thumbnail\" alt=\"\" decoding=\"async\" loading=\"lazy\" srcset=\"https:\/\/www.sculpture.henriot.pro\/wp-content\/uploads\/2020\/09\/2020-09-21-15.03.22-150x150.jpg 150w, https:\/\/www.sculpture.henriot.pro\/wp-content\/uploads\/2020\/09\/2020-09-21-15.03.22-160x160.jpg 160w\" sizes=\"(max-width: 150px) 100vw, 150px\" \/><\/a>\n\t\t\t<\/dt><\/dl><dl class='gallery-item'>\n\t\t\t<dt class='gallery-icon portrait'>\n\t\t\t\t<a data-elementor-open-lightbox=\"yes\" data-elementor-lightbox-slideshow=\"28479cb\" data-elementor-lightbox-title=\"2020-09-21 15.47.43\" data-elementor-lightbox-description=\" \" data-e-action-hash=\"#elementor-action%3Aaction%3Dlightbox%26settings%3DeyJpZCI6MjIsInVybCI6Imh0dHBzOlwvXC93d3cuc2N1bHB0dXJlLmhlbnJpb3QucHJvXC93cC1jb250ZW50XC91cGxvYWRzXC8yMDIwXC8wOVwvMjAyMC0wOS0yMS0xNS40Ny40My5qcGciLCJzbGlkZXNob3ciOiIyODQ3OWNiIn0%3D\" href='https:\/\/www.sculpture.henriot.pro\/wp-content\/uploads\/2020\/09\/2020-09-21-15.47.43.jpg'><img width=\"150\" height=\"150\" src=\"https:\/\/www.sculpture.henriot.pro\/wp-content\/uploads\/2020\/09\/2020-09-21-15.47.43-150x150.jpg\" class=\"attachment-thumbnail size-thumbnail\" alt=\"\" decoding=\"async\" loading=\"lazy\" srcset=\"https:\/\/www.sculpture.henriot.pro\/wp-content\/uploads\/2020\/09\/2020-09-21-15.47.43-150x150.jpg 150w, https:\/\/www.sculpture.henriot.pro\/wp-content\/uploads\/2020\/09\/2020-09-21-15.47.43-160x160.jpg 160w\" sizes=\"(max-width: 150px) 100vw, 150px\" \/><\/a>\n\t\t\t<\/dt><\/dl><dl class='gallery-item'>\n\t\t\t<dt class='gallery-icon portrait'>\n\t\t\t\t<a data-elementor-open-lightbox=\"yes\" data-elementor-lightbox-slideshow=\"28479cb\" data-elementor-lightbox-title=\"2020-09-21 16.50.11\" data-elementor-lightbox-description=\" \" data-e-action-hash=\"#elementor-action%3Aaction%3Dlightbox%26settings%3DeyJpZCI6MjMsInVybCI6Imh0dHBzOlwvXC93d3cuc2N1bHB0dXJlLmhlbnJpb3QucHJvXC93cC1jb250ZW50XC91cGxvYWRzXC8yMDIwXC8wOVwvMjAyMC0wOS0yMS0xNi41MC4xMS5qcGciLCJzbGlkZXNob3ciOiIyODQ3OWNiIn0%3D\" href='https:\/\/www.sculpture.henriot.pro\/wp-content\/uploads\/2020\/09\/2020-09-21-16.50.11.jpg'><img width=\"150\" height=\"150\" src=\"https:\/\/www.sculpture.henriot.pro\/wp-content\/uploads\/2020\/09\/2020-09-21-16.50.11-150x150.jpg\" class=\"attachment-thumbnail size-thumbnail\" alt=\"\" decoding=\"async\" loading=\"lazy\" srcset=\"https:\/\/www.sculpture.henriot.pro\/wp-content\/uploads\/2020\/09\/2020-09-21-16.50.11-150x150.jpg 150w, https:\/\/www.sculpture.henriot.pro\/wp-content\/uploads\/2020\/09\/2020-09-21-16.50.11-160x160.jpg 160w\" sizes=\"(max-width: 150px) 100vw, 150px\" \/><\/a>\n\t\t\t<\/dt><\/dl><dl class='gallery-item'>\n\t\t\t<dt class='gallery-icon portrait'>\n\t\t\t\t<a data-elementor-open-lightbox=\"yes\" data-elementor-lightbox-slideshow=\"28479cb\" data-elementor-lightbox-title=\"2020-09-21 19.02.54\" data-elementor-lightbox-description=\" \" data-e-action-hash=\"#elementor-action%3Aaction%3Dlightbox%26settings%3DeyJpZCI6MjQsInVybCI6Imh0dHBzOlwvXC93d3cuc2N1bHB0dXJlLmhlbnJpb3QucHJvXC93cC1jb250ZW50XC91cGxvYWRzXC8yMDIwXC8wOVwvMjAyMC0wOS0yMS0xOS4wMi41NC5qcGciLCJzbGlkZXNob3ciOiIyODQ3OWNiIn0%3D\" href='https:\/\/www.sculpture.henriot.pro\/wp-content\/uploads\/2020\/09\/2020-09-21-19.02.54.jpg'><img width=\"150\" height=\"150\" src=\"https:\/\/www.sculpture.henriot.pro\/wp-content\/uploads\/2020\/09\/2020-09-21-19.02.54-150x150.jpg\" class=\"attachment-thumbnail size-thumbnail\" alt=\"\" decoding=\"async\" loading=\"lazy\" srcset=\"https:\/\/www.sculpture.henriot.pro\/wp-content\/uploads\/2020\/09\/2020-09-21-19.02.54-150x150.jpg 150w, https:\/\/www.sculpture.henriot.pro\/wp-content\/uploads\/2020\/09\/2020-09-21-19.02.54-160x160.jpg 160w\" sizes=\"(max-width: 150px) 100vw, 150px\" \/><\/a>\n\t\t\t<\/dt><\/dl><br style=\"clear: both\" \/><dl class='gallery-item'>\n\t\t\t<dt class='gallery-icon portrait'>\n\t\t\t\t<a data-elementor-open-lightbox=\"yes\" data-elementor-lightbox-slideshow=\"28479cb\" data-elementor-lightbox-title=\"2020-09-22 09.04.09\" data-elementor-lightbox-description=\" \" data-e-action-hash=\"#elementor-action%3Aaction%3Dlightbox%26settings%3DeyJpZCI6MjUsInVybCI6Imh0dHBzOlwvXC93d3cuc2N1bHB0dXJlLmhlbnJpb3QucHJvXC93cC1jb250ZW50XC91cGxvYWRzXC8yMDIwXC8wOVwvMjAyMC0wOS0yMi0wOS4wNC4wOS0xLmpwZyIsInNsaWRlc2hvdyI6IjI4NDc5Y2IifQ%3D%3D\" href='https:\/\/www.sculpture.henriot.pro\/wp-content\/uploads\/2020\/09\/2020-09-22-09.04.09-1.jpg'><img width=\"150\" height=\"150\" src=\"https:\/\/www.sculpture.henriot.pro\/wp-content\/uploads\/2020\/09\/2020-09-22-09.04.09-1-150x150.jpg\" class=\"attachment-thumbnail size-thumbnail\" alt=\"\" decoding=\"async\" loading=\"lazy\" srcset=\"https:\/\/www.sculpture.henriot.pro\/wp-content\/uploads\/2020\/09\/2020-09-22-09.04.09-1-150x150.jpg 150w, https:\/\/www.sculpture.henriot.pro\/wp-content\/uploads\/2020\/09\/2020-09-22-09.04.09-1-160x160.jpg 160w\" sizes=\"(max-width: 150px) 100vw, 150px\" \/><\/a>\n\t\t\t<\/dt><\/dl>\n\t\t\t<br style='clear: both' \/>\n\t\t<\/div>\n\t\t<\/div>\n\t\t\t\t<\/div>\n\t\t\t\t<\/div>\n\t\t\t\t\t\t<\/div>\n\t\t\t\t\t<\/div>\n\t\t<\/div>\n\t\t\t\t\t\t\t\t<\/div>\n\t\t\t\t\t<\/div>\n\t\t<\/section>\n\t\t\t\t\t\t\t\t\t<\/div>\n\t\t\t<\/div>\n\t\t\t\t\t<\/div>\n\t\t","protected":false},"excerpt":{"rendered":"<p>Un magnifique totem inspir\u00e9 de l&rsquo;\u00e9mission Koh Lanta. En ch\u00eane massif, ce totem vaut son pesant de bois&#8230; &nbsp; &nbsp;<\/p>\n","protected":false},"featured_media":25,"comment_status":"open","ping_status":"closed","template":"","meta":[],"product_cat":[15],"product_tag":[],"_links":{"self":[{"href":"https:\/\/www.sculpture.henriot.pro\/index.php?rest_route=\/wp\/v2\/product\/19"}],"collection":[{"href":"https:\/\/www.sculpture.henriot.pro\/index.php?rest_route=\/wp\/v2\/product"}],"about":[{"href":"https:\/\/www.sculpture.henriot.pro\/index.php?rest_route=\/wp\/v2\/types\/product"}],"replies":[{"embeddable":true,"href":"https:\/\/www.sculpture.henriot.pro\/index.php?rest_route=%2Fwp%2Fv2%2Fcomments&post=19"}],"version-history":[{"count":5,"href":"https:\/\/www.sculpture.henriot.pro\/index.php?rest_route=\/wp\/v2\/product\/19\/revisions"}],"predecessor-version":[{"id":30,"href":"https:\/\/www.sculpture.henriot.pro\/index.php?rest_route=\/wp\/v2\/product\/19\/revisions\/30"}],"wp:featuredmedia":[{"embeddable":true,"href":"https:\/\/www.sculpture.henriot.pro\/index.php?rest_route=\/wp\/v2\/media\/25"}],"wp:attachment":[{"href":"https:\/\/www.sculpture.henriot.pro\/index.php?rest_route=%2Fwp%2Fv2%2Fmedia&parent=19"}],"wp:term":[{"taxonomy":"product_cat","embeddable":true,"href":"https:\/\/www.sculpture.henriot.pro\/index.php?rest_route=%2Fwp%2Fv2%2Fproduct_cat&post=19"},{"taxonomy":"product_tag","embeddable":true,"href":"https:\/\/www.sculpture.henriot.pro\/index.php?rest_route=%2Fwp%2Fv2%2Fproduct_tag&post=19"}],"curies":[{"name":"wp","href":"https:\/\/api.w.org\/{rel}","templated":true}]}}