{"id":188,"date":"2020-11-14T20:32:45","date_gmt":"2020-11-14T19:32:45","guid":{"rendered":"https:\/\/www.sculpture.henriot.pro\/?post_type=product&#038;p=188"},"modified":"2020-11-14T21:08:27","modified_gmt":"2020-11-14T20:08:27","slug":"lampe-rondin-1","status":"publish","type":"product","link":"https:\/\/www.sculpture.henriot.pro\/?product=lampe-rondin-1","title":{"rendered":"Lampe rondin 1"},"content":{"rendered":"\t\t<div data-elementor-type=\"wp-post\" data-elementor-id=\"188\" class=\"elementor elementor-188\">\n\t\t\t\t\t\t<div class=\"elementor-inner\">\n\t\t\t\t<div class=\"elementor-section-wrap\">\n\t\t\t\t\t\t\t\t\t<section class=\"elementor-section elementor-top-section elementor-element elementor-element-b273257 elementor-section-boxed elementor-section-height-default elementor-section-height-default\" data-id=\"b273257\" data-element_type=\"section\">\n\t\t\t\t\t\t<div class=\"elementor-container elementor-column-gap-default\">\n\t\t\t\t\t\t\t<div class=\"elementor-row\">\n\t\t\t\t\t<div class=\"elementor-column elementor-col-100 elementor-top-column elementor-element elementor-element-204774e9\" data-id=\"204774e9\" data-element_type=\"column\">\n\t\t\t<div class=\"elementor-column-wrap elementor-element-populated\">\n\t\t\t\t\t\t\t<div class=\"elementor-widget-wrap\">\n\t\t\t\t\t\t<div class=\"elementor-element elementor-element-1f36ef59 elementor-widget elementor-widget-text-editor\" data-id=\"1f36ef59\" data-element_type=\"widget\" data-widget_type=\"text-editor.default\">\n\t\t\t\t<div class=\"elementor-widget-container\">\n\t\t\t\t\t\t\t\t<div class=\"elementor-text-editor elementor-clearfix\">\n\t\t\t\t<p><span style=\"font-size: inherit;\">Lampe\u00a0 veilleuse d\u00e9corative en ch\u00eane. Gr\u00e2ce \u00e0 de subtiles craquelures remplies de r\u00e9sine, ce rondin lampe chaleureux ajoutera une touche d&rsquo;originalit\u00e9 \u00e0 votre pi\u00e8ce.<\/span><\/p><p><span style=\"font-size: inherit;\">Option 1 : Effet flame vacillante pour un style chaleureux et original<br \/>Option 2 : Eclairage plus intense et plus chaud<\/span><\/p><p><span style=\"font-size: inherit;\">Dimensions : hauteur\u00a0 : 40cm\u00a0<\/span><\/p>\t\t\t\t\t<\/div>\n\t\t\t\t\t\t<\/div>\n\t\t\t\t<\/div>\n\t\t\t\t<div class=\"elementor-element elementor-element-991606d elementor-widget elementor-widget-video\" data-id=\"991606d\" data-element_type=\"widget\" data-settings=\"{&quot;video_type&quot;:&quot;hosted&quot;,&quot;autoplay&quot;:&quot;yes&quot;,&quot;loop&quot;:&quot;yes&quot;,&quot;controls&quot;:&quot;yes&quot;}\" data-widget_type=\"video.default\">\n\t\t\t\t<div class=\"elementor-widget-container\">\n\t\t\t\t\t<div class=\"e-hosted-video elementor-wrapper elementor-open-inline\">\n\t\t\t\t\t<video class=\"elementor-video\" src=\"https:\/\/www.sculpture.henriot.pro\/wp-content\/uploads\/2020\/11\/DSC_5255_accellere.mpg\" autoplay=\"\" loop=\"\" controls=\"\" controlsList=\"nodownload\"><\/video>\n\t\t\t\t<\/div>\n\t\t\t\t<\/div>\n\t\t\t\t<\/div>\n\t\t\t\t\t\t<\/div>\n\t\t\t\t\t<\/div>\n\t\t<\/div>\n\t\t\t\t\t\t\t\t<\/div>\n\t\t\t\t\t<\/div>\n\t\t<\/section>\n\t\t\t\t<section class=\"elementor-section elementor-top-section elementor-element elementor-element-0b44532 elementor-section-boxed elementor-section-height-default elementor-section-height-default\" data-id=\"0b44532\" data-element_type=\"section\">\n\t\t\t\t\t\t<div class=\"elementor-container elementor-column-gap-default\">\n\t\t\t\t\t\t\t<div class=\"elementor-row\">\n\t\t\t\t\t<div class=\"elementor-column elementor-col-50 elementor-top-column elementor-element elementor-element-37ddc07\" data-id=\"37ddc07\" data-element_type=\"column\">\n\t\t\t<div class=\"elementor-column-wrap elementor-element-populated\">\n\t\t\t\t\t\t\t<div class=\"elementor-widget-wrap\">\n\t\t\t\t\t\t<div class=\"elementor-element elementor-element-97558a3 elementor-widget elementor-widget-image\" data-id=\"97558a3\" data-element_type=\"widget\" data-widget_type=\"image.default\">\n\t\t\t\t<div class=\"elementor-widget-container\">\n\t\t\t\t\t\t\t\t<div class=\"elementor-image\">\n\t\t\t\t\t\t\t\t\t\t\t\t<img decoding=\"async\" width=\"750\" height=\"421\" src=\"https:\/\/www.sculpture.henriot.pro\/wp-content\/uploads\/2020\/11\/DSC_5256.jpg\" class=\"attachment-large size-large wp-image-179\" alt=\"\" loading=\"lazy\" srcset=\"https:\/\/www.sculpture.henriot.pro\/wp-content\/uploads\/2020\/11\/DSC_5256.jpg 1024w, https:\/\/www.sculpture.henriot.pro\/wp-content\/uploads\/2020\/11\/DSC_5256-600x337.jpg 600w, https:\/\/www.sculpture.henriot.pro\/wp-content\/uploads\/2020\/11\/DSC_5256-300x168.jpg 300w, https:\/\/www.sculpture.henriot.pro\/wp-content\/uploads\/2020\/11\/DSC_5256-768x431.jpg 768w\" sizes=\"(max-width: 750px) 100vw, 750px\" \/>\t\t\t\t\t\t\t\t\t\t\t\t\t\t<\/div>\n\t\t\t\t\t\t<\/div>\n\t\t\t\t<\/div>\n\t\t\t\t\t\t<\/div>\n\t\t\t\t\t<\/div>\n\t\t<\/div>\n\t\t\t\t<div class=\"elementor-column elementor-col-50 elementor-top-column elementor-element elementor-element-b854050\" data-id=\"b854050\" data-element_type=\"column\">\n\t\t\t<div class=\"elementor-column-wrap elementor-element-populated\">\n\t\t\t\t\t\t\t<div class=\"elementor-widget-wrap\">\n\t\t\t\t\t\t<div class=\"elementor-element elementor-element-3899ce2 elementor-widget elementor-widget-image-gallery\" data-id=\"3899ce2\" data-element_type=\"widget\" data-widget_type=\"image-gallery.default\">\n\t\t\t\t<div class=\"elementor-widget-container\">\n\t\t\t\t\t<div class=\"elementor-image-gallery\">\n\t\t\t\n\t\t<style type=\"text\/css\">\n\t\t\t#gallery-1 {\n\t\t\t\tmargin: auto;\n\t\t\t}\n\t\t\t#gallery-1 .gallery-item {\n\t\t\t\tfloat: left;\n\t\t\t\tmargin-top: 10px;\n\t\t\t\ttext-align: center;\n\t\t\t\twidth: 25%;\n\t\t\t}\n\t\t\t#gallery-1 img {\n\t\t\t\tborder: 2px solid #cfcfcf;\n\t\t\t}\n\t\t\t#gallery-1 .gallery-caption {\n\t\t\t\tmargin-left: 0;\n\t\t\t}\n\t\t\t\/* see gallery_shortcode() in wp-includes\/media.php *\/\n\t\t<\/style>\n\t\t<div id='gallery-1' class='gallery galleryid-188 gallery-columns-4 gallery-size-thumbnail'><dl class='gallery-item'>\n\t\t\t<dt class='gallery-icon portrait'>\n\t\t\t\t<a data-elementor-open-lightbox=\"yes\" data-elementor-lightbox-slideshow=\"3899ce2\" data-elementor-lightbox-title=\"2020-11-14 17.03.16\" data-elementor-lightbox-description=\" \" data-e-action-hash=\"#elementor-action%3Aaction%3Dlightbox%26settings%3DeyJpZCI6MTgyLCJ1cmwiOiJodHRwczpcL1wvd3d3LnNjdWxwdHVyZS5oZW5yaW90LnByb1wvd3AtY29udGVudFwvdXBsb2Fkc1wvMjAyMFwvMTFcLzIwMjAtMTEtMTQtMTcuMDMuMTYuanBnIiwic2xpZGVzaG93IjoiMzg5OWNlMiJ9\" href='https:\/\/www.sculpture.henriot.pro\/wp-content\/uploads\/2020\/11\/2020-11-14-17.03.16.jpg'><img width=\"150\" height=\"150\" src=\"https:\/\/www.sculpture.henriot.pro\/wp-content\/uploads\/2020\/11\/2020-11-14-17.03.16-150x150.jpg\" class=\"attachment-thumbnail size-thumbnail\" alt=\"\" decoding=\"async\" loading=\"lazy\" srcset=\"https:\/\/www.sculpture.henriot.pro\/wp-content\/uploads\/2020\/11\/2020-11-14-17.03.16-150x150.jpg 150w, https:\/\/www.sculpture.henriot.pro\/wp-content\/uploads\/2020\/11\/2020-11-14-17.03.16-160x160.jpg 160w\" sizes=\"(max-width: 150px) 100vw, 150px\" \/><\/a>\n\t\t\t<\/dt><\/dl><dl class='gallery-item'>\n\t\t\t<dt class='gallery-icon portrait'>\n\t\t\t\t<a data-elementor-open-lightbox=\"yes\" data-elementor-lightbox-slideshow=\"3899ce2\" data-elementor-lightbox-title=\"2020-11-14 17.02.45\" data-elementor-lightbox-description=\" \" data-e-action-hash=\"#elementor-action%3Aaction%3Dlightbox%26settings%3DeyJpZCI6MTgxLCJ1cmwiOiJodHRwczpcL1wvd3d3LnNjdWxwdHVyZS5oZW5yaW90LnByb1wvd3AtY29udGVudFwvdXBsb2Fkc1wvMjAyMFwvMTFcLzIwMjAtMTEtMTQtMTcuMDIuNDUuanBnIiwic2xpZGVzaG93IjoiMzg5OWNlMiJ9\" href='https:\/\/www.sculpture.henriot.pro\/wp-content\/uploads\/2020\/11\/2020-11-14-17.02.45.jpg'><img width=\"150\" height=\"150\" src=\"https:\/\/www.sculpture.henriot.pro\/wp-content\/uploads\/2020\/11\/2020-11-14-17.02.45-150x150.jpg\" class=\"attachment-thumbnail size-thumbnail\" alt=\"\" decoding=\"async\" loading=\"lazy\" srcset=\"https:\/\/www.sculpture.henriot.pro\/wp-content\/uploads\/2020\/11\/2020-11-14-17.02.45-150x150.jpg 150w, https:\/\/www.sculpture.henriot.pro\/wp-content\/uploads\/2020\/11\/2020-11-14-17.02.45-160x160.jpg 160w\" sizes=\"(max-width: 150px) 100vw, 150px\" \/><\/a>\n\t\t\t<\/dt><\/dl><dl class='gallery-item'>\n\t\t\t<dt class='gallery-icon landscape'>\n\t\t\t\t<a data-elementor-open-lightbox=\"yes\" data-elementor-lightbox-slideshow=\"3899ce2\" data-elementor-lightbox-title=\"DSC_5257\" data-elementor-lightbox-description=\" \" data-e-action-hash=\"#elementor-action%3Aaction%3Dlightbox%26settings%3DeyJpZCI6MTgwLCJ1cmwiOiJodHRwczpcL1wvd3d3LnNjdWxwdHVyZS5oZW5yaW90LnByb1wvd3AtY29udGVudFwvdXBsb2Fkc1wvMjAyMFwvMTFcL0RTQ181MjU3LmpwZyIsInNsaWRlc2hvdyI6IjM4OTljZTIifQ%3D%3D\" href='https:\/\/www.sculpture.henriot.pro\/wp-content\/uploads\/2020\/11\/DSC_5257.jpg'><img width=\"150\" height=\"150\" src=\"https:\/\/www.sculpture.henriot.pro\/wp-content\/uploads\/2020\/11\/DSC_5257-150x150.jpg\" class=\"attachment-thumbnail size-thumbnail\" alt=\"\" decoding=\"async\" loading=\"lazy\" srcset=\"https:\/\/www.sculpture.henriot.pro\/wp-content\/uploads\/2020\/11\/DSC_5257-150x150.jpg 150w, https:\/\/www.sculpture.henriot.pro\/wp-content\/uploads\/2020\/11\/DSC_5257-160x160.jpg 160w\" sizes=\"(max-width: 150px) 100vw, 150px\" \/><\/a>\n\t\t\t<\/dt><\/dl><dl class='gallery-item'>\n\t\t\t<dt class='gallery-icon landscape'>\n\t\t\t\t<a data-elementor-open-lightbox=\"yes\" data-elementor-lightbox-slideshow=\"3899ce2\" data-elementor-lightbox-title=\"DSC_5256\" data-elementor-lightbox-description=\" \" data-e-action-hash=\"#elementor-action%3Aaction%3Dlightbox%26settings%3DeyJpZCI6MTc5LCJ1cmwiOiJodHRwczpcL1wvd3d3LnNjdWxwdHVyZS5oZW5yaW90LnByb1wvd3AtY29udGVudFwvdXBsb2Fkc1wvMjAyMFwvMTFcL0RTQ181MjU2LmpwZyIsInNsaWRlc2hvdyI6IjM4OTljZTIifQ%3D%3D\" href='https:\/\/www.sculpture.henriot.pro\/wp-content\/uploads\/2020\/11\/DSC_5256.jpg'><img width=\"150\" height=\"150\" src=\"https:\/\/www.sculpture.henriot.pro\/wp-content\/uploads\/2020\/11\/DSC_5256-150x150.jpg\" class=\"attachment-thumbnail size-thumbnail\" alt=\"\" decoding=\"async\" loading=\"lazy\" srcset=\"https:\/\/www.sculpture.henriot.pro\/wp-content\/uploads\/2020\/11\/DSC_5256-150x150.jpg 150w, https:\/\/www.sculpture.henriot.pro\/wp-content\/uploads\/2020\/11\/DSC_5256-160x160.jpg 160w\" sizes=\"(max-width: 150px) 100vw, 150px\" \/><\/a>\n\t\t\t<\/dt><\/dl><br style=\"clear: both\" \/><dl class='gallery-item'>\n\t\t\t<dt class='gallery-icon landscape'>\n\t\t\t\t<a data-elementor-open-lightbox=\"yes\" data-elementor-lightbox-slideshow=\"3899ce2\" data-elementor-lightbox-title=\"DSC_5254\" data-elementor-lightbox-description=\" \" data-e-action-hash=\"#elementor-action%3Aaction%3Dlightbox%26settings%3DeyJpZCI6MTc4LCJ1cmwiOiJodHRwczpcL1wvd3d3LnNjdWxwdHVyZS5oZW5yaW90LnByb1wvd3AtY29udGVudFwvdXBsb2Fkc1wvMjAyMFwvMTFcL0RTQ181MjU0LmpwZyIsInNsaWRlc2hvdyI6IjM4OTljZTIifQ%3D%3D\" href='https:\/\/www.sculpture.henriot.pro\/wp-content\/uploads\/2020\/11\/DSC_5254.jpg'><img width=\"150\" height=\"150\" src=\"https:\/\/www.sculpture.henriot.pro\/wp-content\/uploads\/2020\/11\/DSC_5254-150x150.jpg\" class=\"attachment-thumbnail size-thumbnail\" alt=\"\" decoding=\"async\" loading=\"lazy\" srcset=\"https:\/\/www.sculpture.henriot.pro\/wp-content\/uploads\/2020\/11\/DSC_5254-150x150.jpg 150w, https:\/\/www.sculpture.henriot.pro\/wp-content\/uploads\/2020\/11\/DSC_5254-160x160.jpg 160w\" sizes=\"(max-width: 150px) 100vw, 150px\" \/><\/a>\n\t\t\t<\/dt><\/dl><dl class='gallery-item'>\n\t\t\t<dt class='gallery-icon landscape'>\n\t\t\t\t<a data-elementor-open-lightbox=\"yes\" data-elementor-lightbox-slideshow=\"3899ce2\" data-elementor-lightbox-title=\"DSC_5252\" data-elementor-lightbox-description=\" \" data-e-action-hash=\"#elementor-action%3Aaction%3Dlightbox%26settings%3DeyJpZCI6MTc3LCJ1cmwiOiJodHRwczpcL1wvd3d3LnNjdWxwdHVyZS5oZW5yaW90LnByb1wvd3AtY29udGVudFwvdXBsb2Fkc1wvMjAyMFwvMTFcL0RTQ181MjUyLmpwZyIsInNsaWRlc2hvdyI6IjM4OTljZTIifQ%3D%3D\" href='https:\/\/www.sculpture.henriot.pro\/wp-content\/uploads\/2020\/11\/DSC_5252.jpg'><img width=\"150\" height=\"150\" src=\"https:\/\/www.sculpture.henriot.pro\/wp-content\/uploads\/2020\/11\/DSC_5252-150x150.jpg\" class=\"attachment-thumbnail size-thumbnail\" alt=\"\" decoding=\"async\" loading=\"lazy\" srcset=\"https:\/\/www.sculpture.henriot.pro\/wp-content\/uploads\/2020\/11\/DSC_5252-150x150.jpg 150w, https:\/\/www.sculpture.henriot.pro\/wp-content\/uploads\/2020\/11\/DSC_5252-160x160.jpg 160w\" sizes=\"(max-width: 150px) 100vw, 150px\" \/><\/a>\n\t\t\t<\/dt><\/dl><dl class='gallery-item'>\n\t\t\t<dt class='gallery-icon portrait'>\n\t\t\t\t<a data-elementor-open-lightbox=\"yes\" data-elementor-lightbox-slideshow=\"3899ce2\" data-elementor-lightbox-title=\"DSC_5247\" data-elementor-lightbox-description=\" \" data-e-action-hash=\"#elementor-action%3Aaction%3Dlightbox%26settings%3DeyJpZCI6MTc2LCJ1cmwiOiJodHRwczpcL1wvd3d3LnNjdWxwdHVyZS5oZW5yaW90LnByb1wvd3AtY29udGVudFwvdXBsb2Fkc1wvMjAyMFwvMTFcL0RTQ181MjQ3LmpwZyIsInNsaWRlc2hvdyI6IjM4OTljZTIifQ%3D%3D\" href='https:\/\/www.sculpture.henriot.pro\/wp-content\/uploads\/2020\/11\/DSC_5247.jpg'><img width=\"150\" height=\"150\" src=\"https:\/\/www.sculpture.henriot.pro\/wp-content\/uploads\/2020\/11\/DSC_5247-150x150.jpg\" class=\"attachment-thumbnail size-thumbnail\" alt=\"\" decoding=\"async\" loading=\"lazy\" srcset=\"https:\/\/www.sculpture.henriot.pro\/wp-content\/uploads\/2020\/11\/DSC_5247-150x150.jpg 150w, https:\/\/www.sculpture.henriot.pro\/wp-content\/uploads\/2020\/11\/DSC_5247-160x160.jpg 160w\" sizes=\"(max-width: 150px) 100vw, 150px\" \/><\/a>\n\t\t\t<\/dt><\/dl><dl class='gallery-item'>\n\t\t\t<dt class='gallery-icon portrait'>\n\t\t\t\t<a data-elementor-open-lightbox=\"yes\" data-elementor-lightbox-slideshow=\"3899ce2\" data-elementor-lightbox-title=\"DSC_5246\" data-elementor-lightbox-description=\" \" data-e-action-hash=\"#elementor-action%3Aaction%3Dlightbox%26settings%3DeyJpZCI6MTc1LCJ1cmwiOiJodHRwczpcL1wvd3d3LnNjdWxwdHVyZS5oZW5yaW90LnByb1wvd3AtY29udGVudFwvdXBsb2Fkc1wvMjAyMFwvMTFcL0RTQ181MjQ2LmpwZyIsInNsaWRlc2hvdyI6IjM4OTljZTIifQ%3D%3D\" href='https:\/\/www.sculpture.henriot.pro\/wp-content\/uploads\/2020\/11\/DSC_5246.jpg'><img width=\"150\" height=\"150\" src=\"https:\/\/www.sculpture.henriot.pro\/wp-content\/uploads\/2020\/11\/DSC_5246-150x150.jpg\" class=\"attachment-thumbnail size-thumbnail\" alt=\"\" decoding=\"async\" loading=\"lazy\" srcset=\"https:\/\/www.sculpture.henriot.pro\/wp-content\/uploads\/2020\/11\/DSC_5246-150x150.jpg 150w, https:\/\/www.sculpture.henriot.pro\/wp-content\/uploads\/2020\/11\/DSC_5246-160x160.jpg 160w\" sizes=\"(max-width: 150px) 100vw, 150px\" \/><\/a>\n\t\t\t<\/dt><\/dl><br style=\"clear: both\" \/><dl class='gallery-item'>\n\t\t\t<dt class='gallery-icon landscape'>\n\t\t\t\t<a data-elementor-open-lightbox=\"yes\" data-elementor-lightbox-slideshow=\"3899ce2\" data-elementor-lightbox-title=\"DSC_5245\" data-elementor-lightbox-description=\" \" data-e-action-hash=\"#elementor-action%3Aaction%3Dlightbox%26settings%3DeyJpZCI6MTc0LCJ1cmwiOiJodHRwczpcL1wvd3d3LnNjdWxwdHVyZS5oZW5yaW90LnByb1wvd3AtY29udGVudFwvdXBsb2Fkc1wvMjAyMFwvMTFcL0RTQ181MjQ1LmpwZyIsInNsaWRlc2hvdyI6IjM4OTljZTIifQ%3D%3D\" href='https:\/\/www.sculpture.henriot.pro\/wp-content\/uploads\/2020\/11\/DSC_5245.jpg'><img width=\"150\" height=\"150\" src=\"https:\/\/www.sculpture.henriot.pro\/wp-content\/uploads\/2020\/11\/DSC_5245-150x150.jpg\" class=\"attachment-thumbnail size-thumbnail\" alt=\"\" decoding=\"async\" loading=\"lazy\" srcset=\"https:\/\/www.sculpture.henriot.pro\/wp-content\/uploads\/2020\/11\/DSC_5245-150x150.jpg 150w, https:\/\/www.sculpture.henriot.pro\/wp-content\/uploads\/2020\/11\/DSC_5245-160x160.jpg 160w\" sizes=\"(max-width: 150px) 100vw, 150px\" \/><\/a>\n\t\t\t<\/dt><\/dl><dl class='gallery-item'>\n\t\t\t<dt class='gallery-icon landscape'>\n\t\t\t\t<a data-elementor-open-lightbox=\"yes\" data-elementor-lightbox-slideshow=\"3899ce2\" data-elementor-lightbox-title=\"DSC_5244\" data-elementor-lightbox-description=\" \" data-e-action-hash=\"#elementor-action%3Aaction%3Dlightbox%26settings%3DeyJpZCI6MTczLCJ1cmwiOiJodHRwczpcL1wvd3d3LnNjdWxwdHVyZS5oZW5yaW90LnByb1wvd3AtY29udGVudFwvdXBsb2Fkc1wvMjAyMFwvMTFcL0RTQ181MjQ0LmpwZyIsInNsaWRlc2hvdyI6IjM4OTljZTIifQ%3D%3D\" href='https:\/\/www.sculpture.henriot.pro\/wp-content\/uploads\/2020\/11\/DSC_5244.jpg'><img width=\"150\" height=\"150\" src=\"https:\/\/www.sculpture.henriot.pro\/wp-content\/uploads\/2020\/11\/DSC_5244-150x150.jpg\" class=\"attachment-thumbnail size-thumbnail\" alt=\"\" decoding=\"async\" loading=\"lazy\" srcset=\"https:\/\/www.sculpture.henriot.pro\/wp-content\/uploads\/2020\/11\/DSC_5244-150x150.jpg 150w, https:\/\/www.sculpture.henriot.pro\/wp-content\/uploads\/2020\/11\/DSC_5244-160x160.jpg 160w\" sizes=\"(max-width: 150px) 100vw, 150px\" \/><\/a>\n\t\t\t<\/dt><\/dl><dl class='gallery-item'>\n\t\t\t<dt class='gallery-icon landscape'>\n\t\t\t\t<a data-elementor-open-lightbox=\"yes\" data-elementor-lightbox-slideshow=\"3899ce2\" data-elementor-lightbox-title=\"DSC_5243\" data-elementor-lightbox-description=\" \" data-e-action-hash=\"#elementor-action%3Aaction%3Dlightbox%26settings%3DeyJpZCI6MTcyLCJ1cmwiOiJodHRwczpcL1wvd3d3LnNjdWxwdHVyZS5oZW5yaW90LnByb1wvd3AtY29udGVudFwvdXBsb2Fkc1wvMjAyMFwvMTFcL0RTQ181MjQzLmpwZyIsInNsaWRlc2hvdyI6IjM4OTljZTIifQ%3D%3D\" href='https:\/\/www.sculpture.henriot.pro\/wp-content\/uploads\/2020\/11\/DSC_5243.jpg'><img width=\"150\" height=\"150\" src=\"https:\/\/www.sculpture.henriot.pro\/wp-content\/uploads\/2020\/11\/DSC_5243-150x150.jpg\" class=\"attachment-thumbnail size-thumbnail\" alt=\"\" decoding=\"async\" loading=\"lazy\" srcset=\"https:\/\/www.sculpture.henriot.pro\/wp-content\/uploads\/2020\/11\/DSC_5243-150x150.jpg 150w, https:\/\/www.sculpture.henriot.pro\/wp-content\/uploads\/2020\/11\/DSC_5243-160x160.jpg 160w\" sizes=\"(max-width: 150px) 100vw, 150px\" \/><\/a>\n\t\t\t<\/dt><\/dl><dl class='gallery-item'>\n\t\t\t<dt class='gallery-icon portrait'>\n\t\t\t\t<a data-elementor-open-lightbox=\"yes\" data-elementor-lightbox-slideshow=\"3899ce2\" data-elementor-lightbox-title=\"2020-11-14 17.03.40\" data-elementor-lightbox-description=\" \" data-e-action-hash=\"#elementor-action%3Aaction%3Dlightbox%26settings%3DeyJpZCI6MTcxLCJ1cmwiOiJodHRwczpcL1wvd3d3LnNjdWxwdHVyZS5oZW5yaW90LnByb1wvd3AtY29udGVudFwvdXBsb2Fkc1wvMjAyMFwvMTFcLzIwMjAtMTEtMTQtMTcuMDMuNDAuanBnIiwic2xpZGVzaG93IjoiMzg5OWNlMiJ9\" href='https:\/\/www.sculpture.henriot.pro\/wp-content\/uploads\/2020\/11\/2020-11-14-17.03.40.jpg'><img width=\"150\" height=\"150\" src=\"https:\/\/www.sculpture.henriot.pro\/wp-content\/uploads\/2020\/11\/2020-11-14-17.03.40-150x150.jpg\" class=\"attachment-thumbnail size-thumbnail\" alt=\"\" decoding=\"async\" loading=\"lazy\" srcset=\"https:\/\/www.sculpture.henriot.pro\/wp-content\/uploads\/2020\/11\/2020-11-14-17.03.40-150x150.jpg 150w, https:\/\/www.sculpture.henriot.pro\/wp-content\/uploads\/2020\/11\/2020-11-14-17.03.40-160x160.jpg 160w\" sizes=\"(max-width: 150px) 100vw, 150px\" \/><\/a>\n\t\t\t<\/dt><\/dl><br style=\"clear: both\" \/>\n\t\t<\/div>\n\t\t<\/div>\n\t\t\t\t<\/div>\n\t\t\t\t<\/div>\n\t\t\t\t\t\t<\/div>\n\t\t\t\t\t<\/div>\n\t\t<\/div>\n\t\t\t\t\t\t\t\t<\/div>\n\t\t\t\t\t<\/div>\n\t\t<\/section>\n\t\t\t\t\t\t\t\t\t<\/div>\n\t\t\t<\/div>\n\t\t\t\t\t<\/div>\n\t\t","protected":false},"excerpt":{"rendered":"<p>Lampe\u00a0 veilleuse d\u00e9corative en ch\u00eane. Gr\u00e2ce \u00e0 de subtiles craquelures remplies de r\u00e9sine, ce rondin lampe chaleureux ajoutera une touche d&rsquo;originalit\u00e9 \u00e0 votre pi\u00e8ce. Option 1 : Effet flame vacillante pour un style chaleureux et originalOption 2 : Eclairage plus intense et plus chaud Dimensions : hauteur\u00a0 : 40cm\u00a0 https:\/\/www.sculpture.henriot.pro\/wp-content\/uploads\/2020\/11\/DSC_5255_accellere.mpg<\/p>\n","protected":false},"featured_media":182,"comment_status":"open","ping_status":"closed","template":"","meta":[],"product_cat":[15],"product_tag":[],"_links":{"self":[{"href":"https:\/\/www.sculpture.henriot.pro\/index.php?rest_route=\/wp\/v2\/product\/188"}],"collection":[{"href":"https:\/\/www.sculpture.henriot.pro\/index.php?rest_route=\/wp\/v2\/product"}],"about":[{"href":"https:\/\/www.sculpture.henriot.pro\/index.php?rest_route=\/wp\/v2\/types\/product"}],"replies":[{"embeddable":true,"href":"https:\/\/www.sculpture.henriot.pro\/index.php?rest_route=%2Fwp%2Fv2%2Fcomments&post=188"}],"version-history":[{"count":4,"href":"https:\/\/www.sculpture.henriot.pro\/index.php?rest_route=\/wp\/v2\/product\/188\/revisions"}],"predecessor-version":[{"id":194,"href":"https:\/\/www.sculpture.henriot.pro\/index.php?rest_route=\/wp\/v2\/product\/188\/revisions\/194"}],"wp:featuredmedia":[{"embeddable":true,"href":"https:\/\/www.sculpture.henriot.pro\/index.php?rest_route=\/wp\/v2\/media\/182"}],"wp:attachment":[{"href":"https:\/\/www.sculpture.henriot.pro\/index.php?rest_route=%2Fwp%2Fv2%2Fmedia&parent=188"}],"wp:term":[{"taxonomy":"product_cat","embeddable":true,"href":"https:\/\/www.sculpture.henriot.pro\/index.php?rest_route=%2Fwp%2Fv2%2Fproduct_cat&post=188"},{"taxonomy":"product_tag","embeddable":true,"href":"https:\/\/www.sculpture.henriot.pro\/index.php?rest_route=%2Fwp%2Fv2%2Fproduct_tag&post=188"}],"curies":[{"name":"wp","href":"https:\/\/api.w.org\/{rel}","templated":true}]}}