{"id":157,"date":"2020-11-14T20:13:29","date_gmt":"2020-11-14T19:13:29","guid":{"rendered":"https:\/\/www.sculpture.henriot.pro\/?post_type=product&#038;p=157"},"modified":"2020-12-28T12:01:55","modified_gmt":"2020-12-28T11:01:55","slug":"lampe-fragmentee-1","status":"publish","type":"product","link":"https:\/\/www.sculpture.henriot.pro\/?product=lampe-fragmentee-1","title":{"rendered":"Lampe Fragment\u00e9e 1"},"content":{"rendered":"\t\t<div data-elementor-type=\"wp-post\" data-elementor-id=\"157\" class=\"elementor elementor-157\">\n\t\t\t\t\t\t<div class=\"elementor-inner\">\n\t\t\t\t<div class=\"elementor-section-wrap\">\n\t\t\t\t\t\t\t\t\t<section class=\"elementor-section elementor-top-section elementor-element elementor-element-b273257 elementor-section-boxed elementor-section-height-default elementor-section-height-default\" data-id=\"b273257\" data-element_type=\"section\">\n\t\t\t\t\t\t<div class=\"elementor-container elementor-column-gap-default\">\n\t\t\t\t\t\t\t<div class=\"elementor-row\">\n\t\t\t\t\t<div class=\"elementor-column elementor-col-100 elementor-top-column elementor-element elementor-element-204774e9\" data-id=\"204774e9\" data-element_type=\"column\">\n\t\t\t<div class=\"elementor-column-wrap elementor-element-populated\">\n\t\t\t\t\t\t\t<div class=\"elementor-widget-wrap\">\n\t\t\t\t\t\t<div class=\"elementor-element elementor-element-1f36ef59 elementor-widget elementor-widget-text-editor\" data-id=\"1f36ef59\" data-element_type=\"widget\" data-widget_type=\"text-editor.default\">\n\t\t\t\t<div class=\"elementor-widget-container\">\n\t\t\t\t\t\t\t\t<div class=\"elementor-text-editor elementor-clearfix\">\n\t\t\t\t<p><span style=\"font-size: inherit;\">Lampe d\u00e9corative en ch\u00eane<\/span><\/p><p><span style=\"font-size: inherit;\">Ampoule 6W \u00e0 Led<\/span><\/p><p><span style=\"font-size: inherit;\">Dimensions : hauteur\u00a0 : 85cm\u00a0<\/span><\/p>\t\t\t\t\t<\/div>\n\t\t\t\t\t\t<\/div>\n\t\t\t\t<\/div>\n\t\t\t\t\t\t<\/div>\n\t\t\t\t\t<\/div>\n\t\t<\/div>\n\t\t\t\t\t\t\t\t<\/div>\n\t\t\t\t\t<\/div>\n\t\t<\/section>\n\t\t\t\t<section class=\"elementor-section elementor-top-section elementor-element elementor-element-0b44532 elementor-section-boxed elementor-section-height-default elementor-section-height-default\" data-id=\"0b44532\" data-element_type=\"section\">\n\t\t\t\t\t\t<div class=\"elementor-container elementor-column-gap-default\">\n\t\t\t\t\t\t\t<div class=\"elementor-row\">\n\t\t\t\t\t<div class=\"elementor-column elementor-col-50 elementor-top-column elementor-element elementor-element-37ddc07\" data-id=\"37ddc07\" data-element_type=\"column\">\n\t\t\t<div class=\"elementor-column-wrap elementor-element-populated\">\n\t\t\t\t\t\t\t<div class=\"elementor-widget-wrap\">\n\t\t\t\t\t\t<div class=\"elementor-element elementor-element-97558a3 elementor-widget elementor-widget-image\" data-id=\"97558a3\" data-element_type=\"widget\" data-widget_type=\"image.default\">\n\t\t\t\t<div class=\"elementor-widget-container\">\n\t\t\t\t\t\t\t\t<div class=\"elementor-image\">\n\t\t\t\t\t\t\t\t\t\t\t\t<img decoding=\"async\" width=\"683\" height=\"1024\" src=\"https:\/\/www.sculpture.henriot.pro\/wp-content\/uploads\/2020\/11\/DSC_5239-683x1024.jpg\" class=\"attachment-large size-large wp-image-170\" alt=\"\" loading=\"lazy\" srcset=\"https:\/\/www.sculpture.henriot.pro\/wp-content\/uploads\/2020\/11\/DSC_5239-683x1024.jpg 683w, https:\/\/www.sculpture.henriot.pro\/wp-content\/uploads\/2020\/11\/DSC_5239-230x345.jpg 230w, https:\/\/www.sculpture.henriot.pro\/wp-content\/uploads\/2020\/11\/DSC_5239-600x900.jpg 600w, https:\/\/www.sculpture.henriot.pro\/wp-content\/uploads\/2020\/11\/DSC_5239-200x300.jpg 200w, https:\/\/www.sculpture.henriot.pro\/wp-content\/uploads\/2020\/11\/DSC_5239-768x1152.jpg 768w, https:\/\/www.sculpture.henriot.pro\/wp-content\/uploads\/2020\/11\/DSC_5239-460x690.jpg 460w, https:\/\/www.sculpture.henriot.pro\/wp-content\/uploads\/2020\/11\/DSC_5239.jpg 1024w\" sizes=\"(max-width: 683px) 100vw, 683px\" \/>\t\t\t\t\t\t\t\t\t\t\t\t\t\t<\/div>\n\t\t\t\t\t\t<\/div>\n\t\t\t\t<\/div>\n\t\t\t\t\t\t<\/div>\n\t\t\t\t\t<\/div>\n\t\t<\/div>\n\t\t\t\t<div class=\"elementor-column elementor-col-50 elementor-top-column elementor-element elementor-element-b854050\" data-id=\"b854050\" data-element_type=\"column\">\n\t\t\t<div class=\"elementor-column-wrap elementor-element-populated\">\n\t\t\t\t\t\t\t<div class=\"elementor-widget-wrap\">\n\t\t\t\t\t\t<div class=\"elementor-element elementor-element-3899ce2 elementor-widget elementor-widget-image-gallery\" data-id=\"3899ce2\" data-element_type=\"widget\" data-widget_type=\"image-gallery.default\">\n\t\t\t\t<div class=\"elementor-widget-container\">\n\t\t\t\t\t<div class=\"elementor-image-gallery\">\n\t\t\t\n\t\t<style type=\"text\/css\">\n\t\t\t#gallery-1 {\n\t\t\t\tmargin: auto;\n\t\t\t}\n\t\t\t#gallery-1 .gallery-item {\n\t\t\t\tfloat: left;\n\t\t\t\tmargin-top: 10px;\n\t\t\t\ttext-align: center;\n\t\t\t\twidth: 25%;\n\t\t\t}\n\t\t\t#gallery-1 img {\n\t\t\t\tborder: 2px solid #cfcfcf;\n\t\t\t}\n\t\t\t#gallery-1 .gallery-caption {\n\t\t\t\tmargin-left: 0;\n\t\t\t}\n\t\t\t\/* see gallery_shortcode() in wp-includes\/media.php *\/\n\t\t<\/style>\n\t\t<div id='gallery-1' class='gallery galleryid-157 gallery-columns-4 gallery-size-thumbnail'><dl class='gallery-item'>\n\t\t\t<dt class='gallery-icon portrait'>\n\t\t\t\t<a data-elementor-open-lightbox=\"yes\" data-elementor-lightbox-slideshow=\"3899ce2\" data-elementor-lightbox-title=\"DSC_5239\" data-elementor-lightbox-description=\" \" data-e-action-hash=\"#elementor-action%3Aaction%3Dlightbox%26settings%3DeyJpZCI6MTcwLCJ1cmwiOiJodHRwczpcL1wvd3d3LnNjdWxwdHVyZS5oZW5yaW90LnByb1wvd3AtY29udGVudFwvdXBsb2Fkc1wvMjAyMFwvMTFcL0RTQ181MjM5LmpwZyIsInNsaWRlc2hvdyI6IjM4OTljZTIifQ%3D%3D\" href='https:\/\/www.sculpture.henriot.pro\/wp-content\/uploads\/2020\/11\/DSC_5239.jpg'><img width=\"150\" height=\"150\" src=\"https:\/\/www.sculpture.henriot.pro\/wp-content\/uploads\/2020\/11\/DSC_5239-150x150.jpg\" class=\"attachment-thumbnail size-thumbnail\" alt=\"\" decoding=\"async\" loading=\"lazy\" srcset=\"https:\/\/www.sculpture.henriot.pro\/wp-content\/uploads\/2020\/11\/DSC_5239-150x150.jpg 150w, https:\/\/www.sculpture.henriot.pro\/wp-content\/uploads\/2020\/11\/DSC_5239-160x160.jpg 160w\" sizes=\"(max-width: 150px) 100vw, 150px\" \/><\/a>\n\t\t\t<\/dt><\/dl><dl class='gallery-item'>\n\t\t\t<dt class='gallery-icon landscape'>\n\t\t\t\t<a data-elementor-open-lightbox=\"yes\" data-elementor-lightbox-slideshow=\"3899ce2\" data-elementor-lightbox-title=\"DSC_5238\" data-elementor-lightbox-description=\" \" data-e-action-hash=\"#elementor-action%3Aaction%3Dlightbox%26settings%3DeyJpZCI6MTY5LCJ1cmwiOiJodHRwczpcL1wvd3d3LnNjdWxwdHVyZS5oZW5yaW90LnByb1wvd3AtY29udGVudFwvdXBsb2Fkc1wvMjAyMFwvMTFcL0RTQ181MjM4LmpwZyIsInNsaWRlc2hvdyI6IjM4OTljZTIifQ%3D%3D\" href='https:\/\/www.sculpture.henriot.pro\/wp-content\/uploads\/2020\/11\/DSC_5238.jpg'><img width=\"150\" height=\"150\" src=\"https:\/\/www.sculpture.henriot.pro\/wp-content\/uploads\/2020\/11\/DSC_5238-150x150.jpg\" class=\"attachment-thumbnail size-thumbnail\" alt=\"\" decoding=\"async\" loading=\"lazy\" srcset=\"https:\/\/www.sculpture.henriot.pro\/wp-content\/uploads\/2020\/11\/DSC_5238-150x150.jpg 150w, https:\/\/www.sculpture.henriot.pro\/wp-content\/uploads\/2020\/11\/DSC_5238-160x160.jpg 160w\" sizes=\"(max-width: 150px) 100vw, 150px\" \/><\/a>\n\t\t\t<\/dt><\/dl><dl class='gallery-item'>\n\t\t\t<dt class='gallery-icon landscape'>\n\t\t\t\t<a data-elementor-open-lightbox=\"yes\" data-elementor-lightbox-slideshow=\"3899ce2\" data-elementor-lightbox-title=\"DSC_5234\" data-elementor-lightbox-description=\" \" data-e-action-hash=\"#elementor-action%3Aaction%3Dlightbox%26settings%3DeyJpZCI6MTY4LCJ1cmwiOiJodHRwczpcL1wvd3d3LnNjdWxwdHVyZS5oZW5yaW90LnByb1wvd3AtY29udGVudFwvdXBsb2Fkc1wvMjAyMFwvMTFcL0RTQ181MjM0LmpwZyIsInNsaWRlc2hvdyI6IjM4OTljZTIifQ%3D%3D\" href='https:\/\/www.sculpture.henriot.pro\/wp-content\/uploads\/2020\/11\/DSC_5234.jpg'><img width=\"150\" height=\"150\" src=\"https:\/\/www.sculpture.henriot.pro\/wp-content\/uploads\/2020\/11\/DSC_5234-150x150.jpg\" class=\"attachment-thumbnail size-thumbnail\" alt=\"\" decoding=\"async\" loading=\"lazy\" srcset=\"https:\/\/www.sculpture.henriot.pro\/wp-content\/uploads\/2020\/11\/DSC_5234-150x150.jpg 150w, https:\/\/www.sculpture.henriot.pro\/wp-content\/uploads\/2020\/11\/DSC_5234-160x160.jpg 160w\" sizes=\"(max-width: 150px) 100vw, 150px\" \/><\/a>\n\t\t\t<\/dt><\/dl><dl class='gallery-item'>\n\t\t\t<dt class='gallery-icon portrait'>\n\t\t\t\t<a data-elementor-open-lightbox=\"yes\" data-elementor-lightbox-slideshow=\"3899ce2\" data-elementor-lightbox-title=\"2020-11-14 14.34.41\" data-elementor-lightbox-description=\" \" data-e-action-hash=\"#elementor-action%3Aaction%3Dlightbox%26settings%3DeyJpZCI6MTY3LCJ1cmwiOiJodHRwczpcL1wvd3d3LnNjdWxwdHVyZS5oZW5yaW90LnByb1wvd3AtY29udGVudFwvdXBsb2Fkc1wvMjAyMFwvMTFcLzIwMjAtMTEtMTQtMTQuMzQuNDEuanBnIiwic2xpZGVzaG93IjoiMzg5OWNlMiJ9\" href='https:\/\/www.sculpture.henriot.pro\/wp-content\/uploads\/2020\/11\/2020-11-14-14.34.41.jpg'><img width=\"150\" height=\"150\" src=\"https:\/\/www.sculpture.henriot.pro\/wp-content\/uploads\/2020\/11\/2020-11-14-14.34.41-150x150.jpg\" class=\"attachment-thumbnail size-thumbnail\" alt=\"\" decoding=\"async\" loading=\"lazy\" srcset=\"https:\/\/www.sculpture.henriot.pro\/wp-content\/uploads\/2020\/11\/2020-11-14-14.34.41-150x150.jpg 150w, https:\/\/www.sculpture.henriot.pro\/wp-content\/uploads\/2020\/11\/2020-11-14-14.34.41-160x160.jpg 160w\" sizes=\"(max-width: 150px) 100vw, 150px\" \/><\/a>\n\t\t\t<\/dt><\/dl><br style=\"clear: both\" \/><dl class='gallery-item'>\n\t\t\t<dt class='gallery-icon portrait'>\n\t\t\t\t<a data-elementor-open-lightbox=\"yes\" data-elementor-lightbox-slideshow=\"3899ce2\" data-elementor-lightbox-title=\"2020-11-14 14.34.32\" data-elementor-lightbox-description=\" \" data-e-action-hash=\"#elementor-action%3Aaction%3Dlightbox%26settings%3DeyJpZCI6MTY2LCJ1cmwiOiJodHRwczpcL1wvd3d3LnNjdWxwdHVyZS5oZW5yaW90LnByb1wvd3AtY29udGVudFwvdXBsb2Fkc1wvMjAyMFwvMTFcLzIwMjAtMTEtMTQtMTQuMzQuMzIuanBnIiwic2xpZGVzaG93IjoiMzg5OWNlMiJ9\" href='https:\/\/www.sculpture.henriot.pro\/wp-content\/uploads\/2020\/11\/2020-11-14-14.34.32.jpg'><img width=\"150\" height=\"150\" src=\"https:\/\/www.sculpture.henriot.pro\/wp-content\/uploads\/2020\/11\/2020-11-14-14.34.32-150x150.jpg\" class=\"attachment-thumbnail size-thumbnail\" alt=\"\" decoding=\"async\" loading=\"lazy\" srcset=\"https:\/\/www.sculpture.henriot.pro\/wp-content\/uploads\/2020\/11\/2020-11-14-14.34.32-150x150.jpg 150w, https:\/\/www.sculpture.henriot.pro\/wp-content\/uploads\/2020\/11\/2020-11-14-14.34.32-160x160.jpg 160w\" sizes=\"(max-width: 150px) 100vw, 150px\" \/><\/a>\n\t\t\t<\/dt><\/dl><dl class='gallery-item'>\n\t\t\t<dt class='gallery-icon portrait'>\n\t\t\t\t<a data-elementor-open-lightbox=\"yes\" data-elementor-lightbox-slideshow=\"3899ce2\" data-elementor-lightbox-title=\"2020-11-14 14.34.23\" data-elementor-lightbox-description=\" \" data-e-action-hash=\"#elementor-action%3Aaction%3Dlightbox%26settings%3DeyJpZCI6MTY1LCJ1cmwiOiJodHRwczpcL1wvd3d3LnNjdWxwdHVyZS5oZW5yaW90LnByb1wvd3AtY29udGVudFwvdXBsb2Fkc1wvMjAyMFwvMTFcLzIwMjAtMTEtMTQtMTQuMzQuMjMuanBnIiwic2xpZGVzaG93IjoiMzg5OWNlMiJ9\" href='https:\/\/www.sculpture.henriot.pro\/wp-content\/uploads\/2020\/11\/2020-11-14-14.34.23.jpg'><img width=\"150\" height=\"150\" src=\"https:\/\/www.sculpture.henriot.pro\/wp-content\/uploads\/2020\/11\/2020-11-14-14.34.23-150x150.jpg\" class=\"attachment-thumbnail size-thumbnail\" alt=\"\" decoding=\"async\" loading=\"lazy\" srcset=\"https:\/\/www.sculpture.henriot.pro\/wp-content\/uploads\/2020\/11\/2020-11-14-14.34.23-150x150.jpg 150w, https:\/\/www.sculpture.henriot.pro\/wp-content\/uploads\/2020\/11\/2020-11-14-14.34.23-160x160.jpg 160w\" sizes=\"(max-width: 150px) 100vw, 150px\" \/><\/a>\n\t\t\t<\/dt><\/dl><dl class='gallery-item'>\n\t\t\t<dt class='gallery-icon portrait'>\n\t\t\t\t<a data-elementor-open-lightbox=\"yes\" data-elementor-lightbox-slideshow=\"3899ce2\" data-elementor-lightbox-title=\"2020-11-14 14.34.15\" data-elementor-lightbox-description=\" \" data-e-action-hash=\"#elementor-action%3Aaction%3Dlightbox%26settings%3DeyJpZCI6MTY0LCJ1cmwiOiJodHRwczpcL1wvd3d3LnNjdWxwdHVyZS5oZW5yaW90LnByb1wvd3AtY29udGVudFwvdXBsb2Fkc1wvMjAyMFwvMTFcLzIwMjAtMTEtMTQtMTQuMzQuMTUuanBnIiwic2xpZGVzaG93IjoiMzg5OWNlMiJ9\" href='https:\/\/www.sculpture.henriot.pro\/wp-content\/uploads\/2020\/11\/2020-11-14-14.34.15.jpg'><img width=\"150\" height=\"150\" src=\"https:\/\/www.sculpture.henriot.pro\/wp-content\/uploads\/2020\/11\/2020-11-14-14.34.15-150x150.jpg\" class=\"attachment-thumbnail size-thumbnail\" alt=\"\" decoding=\"async\" loading=\"lazy\" srcset=\"https:\/\/www.sculpture.henriot.pro\/wp-content\/uploads\/2020\/11\/2020-11-14-14.34.15-150x150.jpg 150w, https:\/\/www.sculpture.henriot.pro\/wp-content\/uploads\/2020\/11\/2020-11-14-14.34.15-160x160.jpg 160w\" sizes=\"(max-width: 150px) 100vw, 150px\" \/><\/a>\n\t\t\t<\/dt><\/dl><dl class='gallery-item'>\n\t\t\t<dt class='gallery-icon portrait'>\n\t\t\t\t<a data-elementor-open-lightbox=\"yes\" data-elementor-lightbox-slideshow=\"3899ce2\" data-elementor-lightbox-title=\"2020-11-14 14.34.04\" data-elementor-lightbox-description=\" \" data-e-action-hash=\"#elementor-action%3Aaction%3Dlightbox%26settings%3DeyJpZCI6MTYzLCJ1cmwiOiJodHRwczpcL1wvd3d3LnNjdWxwdHVyZS5oZW5yaW90LnByb1wvd3AtY29udGVudFwvdXBsb2Fkc1wvMjAyMFwvMTFcLzIwMjAtMTEtMTQtMTQuMzQuMDQuanBnIiwic2xpZGVzaG93IjoiMzg5OWNlMiJ9\" href='https:\/\/www.sculpture.henriot.pro\/wp-content\/uploads\/2020\/11\/2020-11-14-14.34.04.jpg'><img width=\"150\" height=\"150\" src=\"https:\/\/www.sculpture.henriot.pro\/wp-content\/uploads\/2020\/11\/2020-11-14-14.34.04-150x150.jpg\" class=\"attachment-thumbnail size-thumbnail\" alt=\"\" decoding=\"async\" loading=\"lazy\" srcset=\"https:\/\/www.sculpture.henriot.pro\/wp-content\/uploads\/2020\/11\/2020-11-14-14.34.04-150x150.jpg 150w, https:\/\/www.sculpture.henriot.pro\/wp-content\/uploads\/2020\/11\/2020-11-14-14.34.04-160x160.jpg 160w\" sizes=\"(max-width: 150px) 100vw, 150px\" \/><\/a>\n\t\t\t<\/dt><\/dl><br style=\"clear: both\" \/><dl class='gallery-item'>\n\t\t\t<dt class='gallery-icon landscape'>\n\t\t\t\t<a data-elementor-open-lightbox=\"yes\" data-elementor-lightbox-slideshow=\"3899ce2\" data-elementor-lightbox-title=\"2020-11-14 14.33.45\" data-elementor-lightbox-description=\" \" data-e-action-hash=\"#elementor-action%3Aaction%3Dlightbox%26settings%3DeyJpZCI6MTYyLCJ1cmwiOiJodHRwczpcL1wvd3d3LnNjdWxwdHVyZS5oZW5yaW90LnByb1wvd3AtY29udGVudFwvdXBsb2Fkc1wvMjAyMFwvMTFcLzIwMjAtMTEtMTQtMTQuMzMuNDUuanBnIiwic2xpZGVzaG93IjoiMzg5OWNlMiJ9\" href='https:\/\/www.sculpture.henriot.pro\/wp-content\/uploads\/2020\/11\/2020-11-14-14.33.45.jpg'><img width=\"150\" height=\"150\" src=\"https:\/\/www.sculpture.henriot.pro\/wp-content\/uploads\/2020\/11\/2020-11-14-14.33.45-150x150.jpg\" class=\"attachment-thumbnail size-thumbnail\" alt=\"\" decoding=\"async\" loading=\"lazy\" srcset=\"https:\/\/www.sculpture.henriot.pro\/wp-content\/uploads\/2020\/11\/2020-11-14-14.33.45-150x150.jpg 150w, https:\/\/www.sculpture.henriot.pro\/wp-content\/uploads\/2020\/11\/2020-11-14-14.33.45-160x160.jpg 160w\" sizes=\"(max-width: 150px) 100vw, 150px\" \/><\/a>\n\t\t\t<\/dt><\/dl><dl class='gallery-item'>\n\t\t\t<dt class='gallery-icon portrait'>\n\t\t\t\t<a data-elementor-open-lightbox=\"yes\" data-elementor-lightbox-slideshow=\"3899ce2\" data-elementor-lightbox-title=\"2020-11-14 14.28.23\" data-elementor-lightbox-description=\" \" data-e-action-hash=\"#elementor-action%3Aaction%3Dlightbox%26settings%3DeyJpZCI6MTYxLCJ1cmwiOiJodHRwczpcL1wvd3d3LnNjdWxwdHVyZS5oZW5yaW90LnByb1wvd3AtY29udGVudFwvdXBsb2Fkc1wvMjAyMFwvMTFcLzIwMjAtMTEtMTQtMTQuMjguMjMuanBnIiwic2xpZGVzaG93IjoiMzg5OWNlMiJ9\" href='https:\/\/www.sculpture.henriot.pro\/wp-content\/uploads\/2020\/11\/2020-11-14-14.28.23.jpg'><img width=\"150\" height=\"150\" src=\"https:\/\/www.sculpture.henriot.pro\/wp-content\/uploads\/2020\/11\/2020-11-14-14.28.23-150x150.jpg\" class=\"attachment-thumbnail size-thumbnail\" alt=\"\" decoding=\"async\" loading=\"lazy\" srcset=\"https:\/\/www.sculpture.henriot.pro\/wp-content\/uploads\/2020\/11\/2020-11-14-14.28.23-150x150.jpg 150w, https:\/\/www.sculpture.henriot.pro\/wp-content\/uploads\/2020\/11\/2020-11-14-14.28.23-160x160.jpg 160w\" sizes=\"(max-width: 150px) 100vw, 150px\" \/><\/a>\n\t\t\t<\/dt><\/dl><dl class='gallery-item'>\n\t\t\t<dt class='gallery-icon portrait'>\n\t\t\t\t<a data-elementor-open-lightbox=\"yes\" data-elementor-lightbox-slideshow=\"3899ce2\" data-elementor-lightbox-title=\"2020-11-14 14.27.58\" data-elementor-lightbox-description=\" \" data-e-action-hash=\"#elementor-action%3Aaction%3Dlightbox%26settings%3DeyJpZCI6MTYwLCJ1cmwiOiJodHRwczpcL1wvd3d3LnNjdWxwdHVyZS5oZW5yaW90LnByb1wvd3AtY29udGVudFwvdXBsb2Fkc1wvMjAyMFwvMTFcLzIwMjAtMTEtMTQtMTQuMjcuNTguanBnIiwic2xpZGVzaG93IjoiMzg5OWNlMiJ9\" href='https:\/\/www.sculpture.henriot.pro\/wp-content\/uploads\/2020\/11\/2020-11-14-14.27.58.jpg'><img width=\"150\" height=\"150\" src=\"https:\/\/www.sculpture.henriot.pro\/wp-content\/uploads\/2020\/11\/2020-11-14-14.27.58-150x150.jpg\" class=\"attachment-thumbnail size-thumbnail\" alt=\"\" decoding=\"async\" loading=\"lazy\" srcset=\"https:\/\/www.sculpture.henriot.pro\/wp-content\/uploads\/2020\/11\/2020-11-14-14.27.58-150x150.jpg 150w, https:\/\/www.sculpture.henriot.pro\/wp-content\/uploads\/2020\/11\/2020-11-14-14.27.58-160x160.jpg 160w\" sizes=\"(max-width: 150px) 100vw, 150px\" \/><\/a>\n\t\t\t<\/dt><\/dl><dl class='gallery-item'>\n\t\t\t<dt class='gallery-icon portrait'>\n\t\t\t\t<a data-elementor-open-lightbox=\"yes\" data-elementor-lightbox-slideshow=\"3899ce2\" data-elementor-lightbox-title=\"2020-11-14 14.27.14\" data-elementor-lightbox-description=\" \" data-e-action-hash=\"#elementor-action%3Aaction%3Dlightbox%26settings%3DeyJpZCI6MTU5LCJ1cmwiOiJodHRwczpcL1wvd3d3LnNjdWxwdHVyZS5oZW5yaW90LnByb1wvd3AtY29udGVudFwvdXBsb2Fkc1wvMjAyMFwvMTFcLzIwMjAtMTEtMTQtMTQuMjcuMTQuanBnIiwic2xpZGVzaG93IjoiMzg5OWNlMiJ9\" href='https:\/\/www.sculpture.henriot.pro\/wp-content\/uploads\/2020\/11\/2020-11-14-14.27.14.jpg'><img width=\"150\" height=\"150\" src=\"https:\/\/www.sculpture.henriot.pro\/wp-content\/uploads\/2020\/11\/2020-11-14-14.27.14-150x150.jpg\" class=\"attachment-thumbnail size-thumbnail\" alt=\"\" decoding=\"async\" loading=\"lazy\" srcset=\"https:\/\/www.sculpture.henriot.pro\/wp-content\/uploads\/2020\/11\/2020-11-14-14.27.14-150x150.jpg 150w, https:\/\/www.sculpture.henriot.pro\/wp-content\/uploads\/2020\/11\/2020-11-14-14.27.14-160x160.jpg 160w\" sizes=\"(max-width: 150px) 100vw, 150px\" \/><\/a>\n\t\t\t<\/dt><\/dl><br style=\"clear: both\" \/>\n\t\t<\/div>\n\t\t<\/div>\n\t\t\t\t<\/div>\n\t\t\t\t<\/div>\n\t\t\t\t\t\t<\/div>\n\t\t\t\t\t<\/div>\n\t\t<\/div>\n\t\t\t\t\t\t\t\t<\/div>\n\t\t\t\t\t<\/div>\n\t\t<\/section>\n\t\t\t\t\t\t\t\t\t<\/div>\n\t\t\t<\/div>\n\t\t\t\t\t<\/div>\n\t\t","protected":false},"excerpt":{"rendered":"<p>Lampe d\u00e9corative en ch\u00eane Ampoule 6W \u00e0 Led Dimensions : hauteur\u00a0 : 85cm &nbsp; &nbsp; &nbsp;<\/p>\n","protected":false},"featured_media":168,"comment_status":"open","ping_status":"closed","template":"","meta":[],"product_cat":[20],"product_tag":[],"_links":{"self":[{"href":"https:\/\/www.sculpture.henriot.pro\/index.php?rest_route=\/wp\/v2\/product\/157"}],"collection":[{"href":"https:\/\/www.sculpture.henriot.pro\/index.php?rest_route=\/wp\/v2\/product"}],"about":[{"href":"https:\/\/www.sculpture.henriot.pro\/index.php?rest_route=\/wp\/v2\/types\/product"}],"replies":[{"embeddable":true,"href":"https:\/\/www.sculpture.henriot.pro\/index.php?rest_route=%2Fwp%2Fv2%2Fcomments&post=157"}],"version-history":[{"count":6,"href":"https:\/\/www.sculpture.henriot.pro\/index.php?rest_route=\/wp\/v2\/product\/157\/revisions"}],"predecessor-version":[{"id":187,"href":"https:\/\/www.sculpture.henriot.pro\/index.php?rest_route=\/wp\/v2\/product\/157\/revisions\/187"}],"wp:featuredmedia":[{"embeddable":true,"href":"https:\/\/www.sculpture.henriot.pro\/index.php?rest_route=\/wp\/v2\/media\/168"}],"wp:attachment":[{"href":"https:\/\/www.sculpture.henriot.pro\/index.php?rest_route=%2Fwp%2Fv2%2Fmedia&parent=157"}],"wp:term":[{"taxonomy":"product_cat","embeddable":true,"href":"https:\/\/www.sculpture.henriot.pro\/index.php?rest_route=%2Fwp%2Fv2%2Fproduct_cat&post=157"},{"taxonomy":"product_tag","embeddable":true,"href":"https:\/\/www.sculpture.henriot.pro\/index.php?rest_route=%2Fwp%2Fv2%2Fproduct_tag&post=157"}],"curies":[{"name":"wp","href":"https:\/\/api.w.org\/{rel}","templated":true}]}}