{"id":138,"date":"2020-11-07T14:40:48","date_gmt":"2020-11-07T13:40:48","guid":{"rendered":"https:\/\/www.sculpture.henriot.pro\/?post_type=product&#038;p=138"},"modified":"2023-05-30T03:03:49","modified_gmt":"2023-05-30T01:03:49","slug":"table-resine","status":"publish","type":"product","link":"https:\/\/www.sculpture.henriot.pro\/?product=table-resine","title":{"rendered":"Table r\u00e9sine"},"content":{"rendered":"\t\t<div data-elementor-type=\"wp-post\" data-elementor-id=\"138\" class=\"elementor elementor-138\">\n\t\t\t\t\t\t<div class=\"elementor-inner\">\n\t\t\t\t<div class=\"elementor-section-wrap\">\n\t\t\t\t\t\t\t\t\t<section class=\"elementor-section elementor-top-section elementor-element elementor-element-b273257 elementor-section-boxed elementor-section-height-default elementor-section-height-default\" data-id=\"b273257\" data-element_type=\"section\">\n\t\t\t\t\t\t<div class=\"elementor-container elementor-column-gap-default\">\n\t\t\t\t\t\t\t<div class=\"elementor-row\">\n\t\t\t\t\t<div class=\"elementor-column elementor-col-100 elementor-top-column elementor-element elementor-element-204774e9\" data-id=\"204774e9\" data-element_type=\"column\">\n\t\t\t<div class=\"elementor-column-wrap elementor-element-populated\">\n\t\t\t\t\t\t\t<div class=\"elementor-widget-wrap\">\n\t\t\t\t\t\t<div class=\"elementor-element elementor-element-1f36ef59 elementor-widget elementor-widget-text-editor\" data-id=\"1f36ef59\" data-element_type=\"widget\" data-widget_type=\"text-editor.default\">\n\t\t\t\t<div class=\"elementor-widget-container\">\n\t\t\t\t\t\t\t\t<div class=\"elementor-text-editor elementor-clearfix\">\n\t\t\t\t<p>Table en c\u00e8dre blanc massif<\/p><p>Coul\u00e9e de r\u00e9sine avec incrustation de feuilles sur le th\u00e8me de l&rsquo;automne.<\/p><p>Pi\u00e8tement triangulaire artisanal en acier.<\/p><p>Dimensions : diam\u00e8tre moyen : 70cm \/ \u00e9paisseur du plateau\u00a0 : 15cm<\/p>\t\t\t\t\t<\/div>\n\t\t\t\t\t\t<\/div>\n\t\t\t\t<\/div>\n\t\t\t\t\t\t<\/div>\n\t\t\t\t\t<\/div>\n\t\t<\/div>\n\t\t\t\t\t\t\t\t<\/div>\n\t\t\t\t\t<\/div>\n\t\t<\/section>\n\t\t\t\t<section class=\"elementor-section elementor-top-section elementor-element elementor-element-0b44532 elementor-section-boxed elementor-section-height-default elementor-section-height-default\" data-id=\"0b44532\" data-element_type=\"section\">\n\t\t\t\t\t\t<div class=\"elementor-container elementor-column-gap-default\">\n\t\t\t\t\t\t\t<div class=\"elementor-row\">\n\t\t\t\t\t<div class=\"elementor-column elementor-col-50 elementor-top-column elementor-element elementor-element-37ddc07\" data-id=\"37ddc07\" data-element_type=\"column\">\n\t\t\t<div class=\"elementor-column-wrap elementor-element-populated\">\n\t\t\t\t\t\t\t<div class=\"elementor-widget-wrap\">\n\t\t\t\t\t\t<div class=\"elementor-element elementor-element-97558a3 elementor-widget elementor-widget-image\" data-id=\"97558a3\" data-element_type=\"widget\" data-widget_type=\"image.default\">\n\t\t\t\t<div class=\"elementor-widget-container\">\n\t\t\t\t\t\t\t\t<div class=\"elementor-image\">\n\t\t\t\t\t\t\t\t\t\t\t\t<img decoding=\"async\" width=\"576\" height=\"1024\" src=\"https:\/\/www.sculpture.henriot.pro\/wp-content\/uploads\/2020\/11\/IMG_20201030_111738-576x1024.jpg\" class=\"attachment-large size-large wp-image-147\" alt=\"\" loading=\"lazy\" srcset=\"https:\/\/www.sculpture.henriot.pro\/wp-content\/uploads\/2020\/11\/IMG_20201030_111738-576x1024.jpg 576w, https:\/\/www.sculpture.henriot.pro\/wp-content\/uploads\/2020\/11\/IMG_20201030_111738-600x1066.jpg 600w, https:\/\/www.sculpture.henriot.pro\/wp-content\/uploads\/2020\/11\/IMG_20201030_111738-169x300.jpg 169w, https:\/\/www.sculpture.henriot.pro\/wp-content\/uploads\/2020\/11\/IMG_20201030_111738-768x1365.jpg 768w, https:\/\/www.sculpture.henriot.pro\/wp-content\/uploads\/2020\/11\/IMG_20201030_111738-864x1536.jpg 864w, https:\/\/www.sculpture.henriot.pro\/wp-content\/uploads\/2020\/11\/IMG_20201030_111738.jpg 1024w\" sizes=\"(max-width: 576px) 100vw, 576px\" \/>\t\t\t\t\t\t\t\t\t\t\t\t\t\t<\/div>\n\t\t\t\t\t\t<\/div>\n\t\t\t\t<\/div>\n\t\t\t\t\t\t<\/div>\n\t\t\t\t\t<\/div>\n\t\t<\/div>\n\t\t\t\t<div class=\"elementor-column elementor-col-50 elementor-top-column elementor-element elementor-element-b854050\" data-id=\"b854050\" data-element_type=\"column\">\n\t\t\t<div class=\"elementor-column-wrap elementor-element-populated\">\n\t\t\t\t\t\t\t<div class=\"elementor-widget-wrap\">\n\t\t\t\t\t\t<div class=\"elementor-element elementor-element-3899ce2 elementor-widget elementor-widget-image-gallery\" data-id=\"3899ce2\" data-element_type=\"widget\" data-widget_type=\"image-gallery.default\">\n\t\t\t\t<div class=\"elementor-widget-container\">\n\t\t\t\t\t<div class=\"elementor-image-gallery\">\n\t\t\t\n\t\t<style type=\"text\/css\">\n\t\t\t#gallery-1 {\n\t\t\t\tmargin: auto;\n\t\t\t}\n\t\t\t#gallery-1 .gallery-item {\n\t\t\t\tfloat: left;\n\t\t\t\tmargin-top: 10px;\n\t\t\t\ttext-align: center;\n\t\t\t\twidth: 25%;\n\t\t\t}\n\t\t\t#gallery-1 img {\n\t\t\t\tborder: 2px solid #cfcfcf;\n\t\t\t}\n\t\t\t#gallery-1 .gallery-caption {\n\t\t\t\tmargin-left: 0;\n\t\t\t}\n\t\t\t\/* see gallery_shortcode() in wp-includes\/media.php *\/\n\t\t<\/style>\n\t\t<div id='gallery-1' class='gallery galleryid-138 gallery-columns-4 gallery-size-thumbnail'><dl class='gallery-item'>\n\t\t\t<dt class='gallery-icon portrait'>\n\t\t\t\t<a data-elementor-open-lightbox=\"yes\" data-elementor-lightbox-slideshow=\"3899ce2\" data-elementor-lightbox-title=\"IMG_20201030_111722\" data-elementor-lightbox-description=\" \" data-e-action-hash=\"#elementor-action%3Aaction%3Dlightbox%26settings%3DeyJpZCI6MTQ2LCJ1cmwiOiJodHRwczpcL1wvd3d3LnNjdWxwdHVyZS5oZW5yaW90LnByb1wvd3AtY29udGVudFwvdXBsb2Fkc1wvMjAyMFwvMTFcL0lNR18yMDIwMTAzMF8xMTE3MjIuanBnIiwic2xpZGVzaG93IjoiMzg5OWNlMiJ9\" href='https:\/\/www.sculpture.henriot.pro\/wp-content\/uploads\/2020\/11\/IMG_20201030_111722.jpg'><img width=\"150\" height=\"150\" src=\"https:\/\/www.sculpture.henriot.pro\/wp-content\/uploads\/2020\/11\/IMG_20201030_111722-150x150.jpg\" class=\"attachment-thumbnail size-thumbnail\" alt=\"\" decoding=\"async\" loading=\"lazy\" srcset=\"https:\/\/www.sculpture.henriot.pro\/wp-content\/uploads\/2020\/11\/IMG_20201030_111722-150x150.jpg 150w, https:\/\/www.sculpture.henriot.pro\/wp-content\/uploads\/2020\/11\/IMG_20201030_111722-160x160.jpg 160w\" sizes=\"(max-width: 150px) 100vw, 150px\" \/><\/a>\n\t\t\t<\/dt><\/dl><dl class='gallery-item'>\n\t\t\t<dt class='gallery-icon landscape'>\n\t\t\t\t<a data-elementor-open-lightbox=\"yes\" data-elementor-lightbox-slideshow=\"3899ce2\" data-elementor-lightbox-title=\"IMG_20201030_111716\" data-elementor-lightbox-description=\" \" data-e-action-hash=\"#elementor-action%3Aaction%3Dlightbox%26settings%3DeyJpZCI6MTQ1LCJ1cmwiOiJodHRwczpcL1wvd3d3LnNjdWxwdHVyZS5oZW5yaW90LnByb1wvd3AtY29udGVudFwvdXBsb2Fkc1wvMjAyMFwvMTFcL0lNR18yMDIwMTAzMF8xMTE3MTYuanBnIiwic2xpZGVzaG93IjoiMzg5OWNlMiJ9\" href='https:\/\/www.sculpture.henriot.pro\/wp-content\/uploads\/2020\/11\/IMG_20201030_111716.jpg'><img width=\"150\" height=\"150\" src=\"https:\/\/www.sculpture.henriot.pro\/wp-content\/uploads\/2020\/11\/IMG_20201030_111716-150x150.jpg\" class=\"attachment-thumbnail size-thumbnail\" alt=\"\" decoding=\"async\" loading=\"lazy\" srcset=\"https:\/\/www.sculpture.henriot.pro\/wp-content\/uploads\/2020\/11\/IMG_20201030_111716-150x150.jpg 150w, https:\/\/www.sculpture.henriot.pro\/wp-content\/uploads\/2020\/11\/IMG_20201030_111716-160x160.jpg 160w\" sizes=\"(max-width: 150px) 100vw, 150px\" \/><\/a>\n\t\t\t<\/dt><\/dl><dl class='gallery-item'>\n\t\t\t<dt class='gallery-icon landscape'>\n\t\t\t\t<a data-elementor-open-lightbox=\"yes\" data-elementor-lightbox-slideshow=\"3899ce2\" data-elementor-lightbox-title=\"IMG_20201030_111708\" data-elementor-lightbox-description=\" \" data-e-action-hash=\"#elementor-action%3Aaction%3Dlightbox%26settings%3DeyJpZCI6MTQ0LCJ1cmwiOiJodHRwczpcL1wvd3d3LnNjdWxwdHVyZS5oZW5yaW90LnByb1wvd3AtY29udGVudFwvdXBsb2Fkc1wvMjAyMFwvMTFcL0lNR18yMDIwMTAzMF8xMTE3MDguanBnIiwic2xpZGVzaG93IjoiMzg5OWNlMiJ9\" href='https:\/\/www.sculpture.henriot.pro\/wp-content\/uploads\/2020\/11\/IMG_20201030_111708.jpg'><img width=\"150\" height=\"150\" src=\"https:\/\/www.sculpture.henriot.pro\/wp-content\/uploads\/2020\/11\/IMG_20201030_111708-150x150.jpg\" class=\"attachment-thumbnail size-thumbnail\" alt=\"\" decoding=\"async\" loading=\"lazy\" srcset=\"https:\/\/www.sculpture.henriot.pro\/wp-content\/uploads\/2020\/11\/IMG_20201030_111708-150x150.jpg 150w, https:\/\/www.sculpture.henriot.pro\/wp-content\/uploads\/2020\/11\/IMG_20201030_111708-160x160.jpg 160w\" sizes=\"(max-width: 150px) 100vw, 150px\" \/><\/a>\n\t\t\t<\/dt><\/dl><dl class='gallery-item'>\n\t\t\t<dt class='gallery-icon landscape'>\n\t\t\t\t<a data-elementor-open-lightbox=\"yes\" data-elementor-lightbox-slideshow=\"3899ce2\" data-elementor-lightbox-title=\"IMG_20201030_111659\" data-elementor-lightbox-description=\" \" data-e-action-hash=\"#elementor-action%3Aaction%3Dlightbox%26settings%3DeyJpZCI6MTQzLCJ1cmwiOiJodHRwczpcL1wvd3d3LnNjdWxwdHVyZS5oZW5yaW90LnByb1wvd3AtY29udGVudFwvdXBsb2Fkc1wvMjAyMFwvMTFcL0lNR18yMDIwMTAzMF8xMTE2NTkuanBnIiwic2xpZGVzaG93IjoiMzg5OWNlMiJ9\" href='https:\/\/www.sculpture.henriot.pro\/wp-content\/uploads\/2020\/11\/IMG_20201030_111659.jpg'><img width=\"150\" height=\"150\" src=\"https:\/\/www.sculpture.henriot.pro\/wp-content\/uploads\/2020\/11\/IMG_20201030_111659-150x150.jpg\" class=\"attachment-thumbnail size-thumbnail\" alt=\"\" decoding=\"async\" loading=\"lazy\" srcset=\"https:\/\/www.sculpture.henriot.pro\/wp-content\/uploads\/2020\/11\/IMG_20201030_111659-150x150.jpg 150w, https:\/\/www.sculpture.henriot.pro\/wp-content\/uploads\/2020\/11\/IMG_20201030_111659-160x160.jpg 160w\" sizes=\"(max-width: 150px) 100vw, 150px\" \/><\/a>\n\t\t\t<\/dt><\/dl><br style=\"clear: both\" \/><dl class='gallery-item'>\n\t\t\t<dt class='gallery-icon landscape'>\n\t\t\t\t<a data-elementor-open-lightbox=\"yes\" data-elementor-lightbox-slideshow=\"3899ce2\" data-elementor-lightbox-title=\"IMG_20201030_111646\" data-elementor-lightbox-description=\" \" data-e-action-hash=\"#elementor-action%3Aaction%3Dlightbox%26settings%3DeyJpZCI6MTQyLCJ1cmwiOiJodHRwczpcL1wvd3d3LnNjdWxwdHVyZS5oZW5yaW90LnByb1wvd3AtY29udGVudFwvdXBsb2Fkc1wvMjAyMFwvMTFcL0lNR18yMDIwMTAzMF8xMTE2NDYuanBnIiwic2xpZGVzaG93IjoiMzg5OWNlMiJ9\" href='https:\/\/www.sculpture.henriot.pro\/wp-content\/uploads\/2020\/11\/IMG_20201030_111646.jpg'><img width=\"150\" height=\"150\" src=\"https:\/\/www.sculpture.henriot.pro\/wp-content\/uploads\/2020\/11\/IMG_20201030_111646-150x150.jpg\" class=\"attachment-thumbnail size-thumbnail\" alt=\"\" decoding=\"async\" loading=\"lazy\" srcset=\"https:\/\/www.sculpture.henriot.pro\/wp-content\/uploads\/2020\/11\/IMG_20201030_111646-150x150.jpg 150w, https:\/\/www.sculpture.henriot.pro\/wp-content\/uploads\/2020\/11\/IMG_20201030_111646-160x160.jpg 160w\" sizes=\"(max-width: 150px) 100vw, 150px\" \/><\/a>\n\t\t\t<\/dt><\/dl><dl class='gallery-item'>\n\t\t\t<dt class='gallery-icon landscape'>\n\t\t\t\t<a data-elementor-open-lightbox=\"yes\" data-elementor-lightbox-slideshow=\"3899ce2\" data-elementor-lightbox-title=\"IMG_20201030_111639\" data-elementor-lightbox-description=\" \" data-e-action-hash=\"#elementor-action%3Aaction%3Dlightbox%26settings%3DeyJpZCI6MTQxLCJ1cmwiOiJodHRwczpcL1wvd3d3LnNjdWxwdHVyZS5oZW5yaW90LnByb1wvd3AtY29udGVudFwvdXBsb2Fkc1wvMjAyMFwvMTFcL0lNR18yMDIwMTAzMF8xMTE2MzkuanBnIiwic2xpZGVzaG93IjoiMzg5OWNlMiJ9\" href='https:\/\/www.sculpture.henriot.pro\/wp-content\/uploads\/2020\/11\/IMG_20201030_111639.jpg'><img width=\"150\" height=\"150\" src=\"https:\/\/www.sculpture.henriot.pro\/wp-content\/uploads\/2020\/11\/IMG_20201030_111639-150x150.jpg\" class=\"attachment-thumbnail size-thumbnail\" alt=\"\" decoding=\"async\" loading=\"lazy\" srcset=\"https:\/\/www.sculpture.henriot.pro\/wp-content\/uploads\/2020\/11\/IMG_20201030_111639-150x150.jpg 150w, https:\/\/www.sculpture.henriot.pro\/wp-content\/uploads\/2020\/11\/IMG_20201030_111639-160x160.jpg 160w\" sizes=\"(max-width: 150px) 100vw, 150px\" \/><\/a>\n\t\t\t<\/dt><\/dl>\n\t\t\t<br style='clear: both' \/>\n\t\t<\/div>\n\t\t<\/div>\n\t\t\t\t<\/div>\n\t\t\t\t<\/div>\n\t\t\t\t\t\t<\/div>\n\t\t\t\t\t<\/div>\n\t\t<\/div>\n\t\t\t\t\t\t\t\t<\/div>\n\t\t\t\t\t<\/div>\n\t\t<\/section>\n\t\t\t\t\t\t\t\t\t<\/div>\n\t\t\t<\/div>\n\t\t\t\t\t<\/div>\n\t\t","protected":false},"excerpt":{"rendered":"<p>Table en c\u00e8dre blanc massif Coul\u00e9e de r\u00e9sine avec incrustation de feuilles sur le th\u00e8me de l&rsquo;automne. Pi\u00e8tement triangulaire artisanal en acier. Dimensions : diam\u00e8tre moyen : 70cm \/ \u00e9paisseur du plateau\u00a0 : 15cm<\/p>\n","protected":false},"featured_media":140,"comment_status":"open","ping_status":"closed","template":"","meta":[],"product_cat":[15],"product_tag":[],"_links":{"self":[{"href":"https:\/\/www.sculpture.henriot.pro\/index.php?rest_route=\/wp\/v2\/product\/138"}],"collection":[{"href":"https:\/\/www.sculpture.henriot.pro\/index.php?rest_route=\/wp\/v2\/product"}],"about":[{"href":"https:\/\/www.sculpture.henriot.pro\/index.php?rest_route=\/wp\/v2\/types\/product"}],"replies":[{"embeddable":true,"href":"https:\/\/www.sculpture.henriot.pro\/index.php?rest_route=%2Fwp%2Fv2%2Fcomments&post=138"}],"version-history":[{"count":6,"href":"https:\/\/www.sculpture.henriot.pro\/index.php?rest_route=\/wp\/v2\/product\/138\/revisions"}],"predecessor-version":[{"id":153,"href":"https:\/\/www.sculpture.henriot.pro\/index.php?rest_route=\/wp\/v2\/product\/138\/revisions\/153"}],"wp:featuredmedia":[{"embeddable":true,"href":"https:\/\/www.sculpture.henriot.pro\/index.php?rest_route=\/wp\/v2\/media\/140"}],"wp:attachment":[{"href":"https:\/\/www.sculpture.henriot.pro\/index.php?rest_route=%2Fwp%2Fv2%2Fmedia&parent=138"}],"wp:term":[{"taxonomy":"product_cat","embeddable":true,"href":"https:\/\/www.sculpture.henriot.pro\/index.php?rest_route=%2Fwp%2Fv2%2Fproduct_cat&post=138"},{"taxonomy":"product_tag","embeddable":true,"href":"https:\/\/www.sculpture.henriot.pro\/index.php?rest_route=%2Fwp%2Fv2%2Fproduct_tag&post=138"}],"curies":[{"name":"wp","href":"https:\/\/api.w.org\/{rel}","templated":true}]}}