{"id":106,"date":"2020-10-05T07:39:05","date_gmt":"2020-10-05T05:39:05","guid":{"rendered":"https:\/\/www.sculpture.henriot.pro\/?post_type=product&#038;p=106"},"modified":"2020-10-05T07:43:37","modified_gmt":"2020-10-05T05:43:37","slug":"un-projet","status":"publish","type":"product","link":"https:\/\/www.sculpture.henriot.pro\/?product=un-projet","title":{"rendered":"Un projet ?"},"content":{"rendered":"\t\t<div data-elementor-type=\"wp-post\" data-elementor-id=\"106\" class=\"elementor elementor-106\">\n\t\t\t\t\t\t<div class=\"elementor-inner\">\n\t\t\t\t<div class=\"elementor-section-wrap\">\n\t\t\t\t\t\t\t\t\t<section class=\"elementor-section elementor-top-section elementor-element elementor-element-b273257 elementor-section-boxed elementor-section-height-default elementor-section-height-default\" data-id=\"b273257\" data-element_type=\"section\">\n\t\t\t\t\t\t<div class=\"elementor-container elementor-column-gap-default\">\n\t\t\t\t\t\t\t<div class=\"elementor-row\">\n\t\t\t\t\t<div class=\"elementor-column elementor-col-100 elementor-top-column elementor-element elementor-element-204774e9\" data-id=\"204774e9\" data-element_type=\"column\">\n\t\t\t<div class=\"elementor-column-wrap elementor-element-populated\">\n\t\t\t\t\t\t\t<div class=\"elementor-widget-wrap\">\n\t\t\t\t\t\t<div class=\"elementor-element elementor-element-1f36ef59 elementor-widget elementor-widget-text-editor\" data-id=\"1f36ef59\" data-element_type=\"widget\" data-widget_type=\"text-editor.default\">\n\t\t\t\t<div class=\"elementor-widget-container\">\n\t\t\t\t\t\t\t\t<div class=\"elementor-text-editor elementor-clearfix\">\n\t\t\t\t<p>Vous avez vu :<br \/><span style=\"font-size: inherit;\">&#8211;\u00a0 une table qui vous plait<br \/><\/span><span style=\"font-size: inherit;\">&#8211; une image, sur Pinterest ?<br \/><br \/><\/span><\/p><p><span style=\"font-size: inherit;\">Vous avez un projet bien sp\u00e9cifique ? Parlons-en&#8230;. SI c&rsquo;est du bois, du fer et de la r\u00e9sine, il y a fort \u00e0 parier que nous pouvons le r\u00e9aliser pour vous&#8230;..<\/span><\/p>\t\t\t\t\t<\/div>\n\t\t\t\t\t\t<\/div>\n\t\t\t\t<\/div>\n\t\t\t\t\t\t<\/div>\n\t\t\t\t\t<\/div>\n\t\t<\/div>\n\t\t\t\t\t\t\t\t<\/div>\n\t\t\t\t\t<\/div>\n\t\t<\/section>\n\t\t\t\t<section class=\"elementor-section elementor-top-section elementor-element elementor-element-0b44532 elementor-section-boxed elementor-section-height-default elementor-section-height-default\" data-id=\"0b44532\" data-element_type=\"section\">\n\t\t\t\t\t\t<div class=\"elementor-container elementor-column-gap-default\">\n\t\t\t\t\t\t\t<div class=\"elementor-row\">\n\t\t\t\t\t<div class=\"elementor-column elementor-col-50 elementor-top-column elementor-element elementor-element-37ddc07\" data-id=\"37ddc07\" data-element_type=\"column\">\n\t\t\t<div class=\"elementor-column-wrap elementor-element-populated\">\n\t\t\t\t\t\t\t<div class=\"elementor-widget-wrap\">\n\t\t\t\t\t\t<div class=\"elementor-element elementor-element-97558a3 elementor-widget elementor-widget-image\" data-id=\"97558a3\" data-element_type=\"widget\" data-widget_type=\"image.default\">\n\t\t\t\t<div class=\"elementor-widget-container\">\n\t\t\t\t\t\t\t\t<div class=\"elementor-image\">\n\t\t\t\t\t\t\t\t\t\t\t\t<img decoding=\"async\" width=\"750\" height=\"363\" src=\"https:\/\/www.sculpture.henriot.pro\/wp-content\/uploads\/2020\/10\/176-Pinterest-Google-Chrome-1024x495.jpg\" class=\"attachment-large size-large wp-image-110\" alt=\"\" loading=\"lazy\" srcset=\"https:\/\/www.sculpture.henriot.pro\/wp-content\/uploads\/2020\/10\/176-Pinterest-Google-Chrome-1024x495.jpg 1024w, https:\/\/www.sculpture.henriot.pro\/wp-content\/uploads\/2020\/10\/176-Pinterest-Google-Chrome-600x290.jpg 600w, https:\/\/www.sculpture.henriot.pro\/wp-content\/uploads\/2020\/10\/176-Pinterest-Google-Chrome-300x145.jpg 300w, https:\/\/www.sculpture.henriot.pro\/wp-content\/uploads\/2020\/10\/176-Pinterest-Google-Chrome-768x371.jpg 768w, https:\/\/www.sculpture.henriot.pro\/wp-content\/uploads\/2020\/10\/176-Pinterest-Google-Chrome-1536x743.jpg 1536w, https:\/\/www.sculpture.henriot.pro\/wp-content\/uploads\/2020\/10\/176-Pinterest-Google-Chrome.jpg 1843w\" sizes=\"(max-width: 750px) 100vw, 750px\" \/>\t\t\t\t\t\t\t\t\t\t\t\t\t\t<\/div>\n\t\t\t\t\t\t<\/div>\n\t\t\t\t<\/div>\n\t\t\t\t\t\t<\/div>\n\t\t\t\t\t<\/div>\n\t\t<\/div>\n\t\t\t\t<div class=\"elementor-column elementor-col-50 elementor-top-column elementor-element elementor-element-b854050\" data-id=\"b854050\" data-element_type=\"column\">\n\t\t\t<div class=\"elementor-column-wrap elementor-element-populated\">\n\t\t\t\t\t\t\t<div class=\"elementor-widget-wrap\">\n\t\t\t\t\t\t<div class=\"elementor-element elementor-element-2222d35 elementor-widget elementor-widget-image\" data-id=\"2222d35\" data-element_type=\"widget\" data-widget_type=\"image.default\">\n\t\t\t\t<div class=\"elementor-widget-container\">\n\t\t\t\t\t\t\t\t<div class=\"elementor-image\">\n\t\t\t\t\t\t\t\t\t\t\t\t<img decoding=\"async\" width=\"750\" height=\"355\" src=\"https:\/\/www.sculpture.henriot.pro\/wp-content\/uploads\/2020\/10\/176-Pinterest-Google-Chrome_2-1024x485.jpg\" class=\"attachment-large size-large wp-image-111\" alt=\"\" loading=\"lazy\" srcset=\"https:\/\/www.sculpture.henriot.pro\/wp-content\/uploads\/2020\/10\/176-Pinterest-Google-Chrome_2-1024x485.jpg 1024w, https:\/\/www.sculpture.henriot.pro\/wp-content\/uploads\/2020\/10\/176-Pinterest-Google-Chrome_2-600x284.jpg 600w, https:\/\/www.sculpture.henriot.pro\/wp-content\/uploads\/2020\/10\/176-Pinterest-Google-Chrome_2-300x142.jpg 300w, https:\/\/www.sculpture.henriot.pro\/wp-content\/uploads\/2020\/10\/176-Pinterest-Google-Chrome_2-768x364.jpg 768w, https:\/\/www.sculpture.henriot.pro\/wp-content\/uploads\/2020\/10\/176-Pinterest-Google-Chrome_2-1536x727.jpg 1536w, https:\/\/www.sculpture.henriot.pro\/wp-content\/uploads\/2020\/10\/176-Pinterest-Google-Chrome_2.jpg 1831w\" sizes=\"(max-width: 750px) 100vw, 750px\" \/>\t\t\t\t\t\t\t\t\t\t\t\t\t\t<\/div>\n\t\t\t\t\t\t<\/div>\n\t\t\t\t<\/div>\n\t\t\t\t\t\t<\/div>\n\t\t\t\t\t<\/div>\n\t\t<\/div>\n\t\t\t\t\t\t\t\t<\/div>\n\t\t\t\t\t<\/div>\n\t\t<\/section>\n\t\t\t\t\t\t\t\t\t<\/div>\n\t\t\t<\/div>\n\t\t\t\t\t<\/div>\n\t\t","protected":false},"excerpt":{"rendered":"<p>Vous avez vu :&#8211;\u00a0 une table qui vous plait&#8211; une image, sur Pinterest ? Vous avez un projet bien sp\u00e9cifique ? Parlons-en&#8230;. SI c&rsquo;est du bois, du fer et de la r\u00e9sine, il y a fort \u00e0 parier que nous pouvons le r\u00e9aliser pour vous&#8230;..<\/p>\n","protected":false},"featured_media":107,"comment_status":"open","ping_status":"closed","template":"","meta":[],"product_cat":[15],"product_tag":[],"_links":{"self":[{"href":"https:\/\/www.sculpture.henriot.pro\/index.php?rest_route=\/wp\/v2\/product\/106"}],"collection":[{"href":"https:\/\/www.sculpture.henriot.pro\/index.php?rest_route=\/wp\/v2\/product"}],"about":[{"href":"https:\/\/www.sculpture.henriot.pro\/index.php?rest_route=\/wp\/v2\/types\/product"}],"replies":[{"embeddable":true,"href":"https:\/\/www.sculpture.henriot.pro\/index.php?rest_route=%2Fwp%2Fv2%2Fcomments&post=106"}],"version-history":[{"count":2,"href":"https:\/\/www.sculpture.henriot.pro\/index.php?rest_route=\/wp\/v2\/product\/106\/revisions"}],"predecessor-version":[{"id":112,"href":"https:\/\/www.sculpture.henriot.pro\/index.php?rest_route=\/wp\/v2\/product\/106\/revisions\/112"}],"wp:featuredmedia":[{"embeddable":true,"href":"https:\/\/www.sculpture.henriot.pro\/index.php?rest_route=\/wp\/v2\/media\/107"}],"wp:attachment":[{"href":"https:\/\/www.sculpture.henriot.pro\/index.php?rest_route=%2Fwp%2Fv2%2Fmedia&parent=106"}],"wp:term":[{"taxonomy":"product_cat","embeddable":true,"href":"https:\/\/www.sculpture.henriot.pro\/index.php?rest_route=%2Fwp%2Fv2%2Fproduct_cat&post=106"},{"taxonomy":"product_tag","embeddable":true,"href":"https:\/\/www.sculpture.henriot.pro\/index.php?rest_route=%2Fwp%2Fv2%2Fproduct_tag&post=106"}],"curies":[{"name":"wp","href":"https:\/\/api.w.org\/{rel}","templated":true}]}}